{"id":790,"date":"2021-01-23T10:24:35","date_gmt":"2021-01-23T09:24:35","guid":{"rendered":"http:\/\/nouvelleaquitaine-handball.org\/toutlehand\/?page_id=790"},"modified":"2022-09-08T17:30:50","modified_gmt":"2022-09-08T15:30:50","slug":"695-honorabilite","status":"publish","type":"page","link":"https:\/\/old.nouvelleaquitaine-handball.org\/toutlehand\/600-roles-et-missions-des-dirigeants\/690-ethique\/695-honorabilite\/","title":{"rendered":"Honorabilit\u00e9"},"content":{"rendered":"\n<div class=\"wp-block-file\"><a id=\"wp-block-file--media-b76b437d-1097-471d-b55b-fcb6c2b81be7\" href=\"https:\/\/old.nouvelleaquitaine-handball.org\/toutlehand\/wp-content\/uploads\/2021\/06\/695.1-Guide-controle-dhonorabilite-2020.pdf\">Guide contr\u00f4le d&#8217;honorabilit\u00e9<\/a><a href=\"https:\/\/old.nouvelleaquitaine-handball.org\/toutlehand\/wp-content\/uploads\/2021\/06\/695.1-Guide-controle-dhonorabilite-2020.pdf\" class=\"wp-block-file__button\" download aria-describedby=\"wp-block-file--media-b76b437d-1097-471d-b55b-fcb6c2b81be7\">T\u00e9l\u00e9charger<\/a><\/div>\n\n\n\n<div class=\"wp-block-file\"><a id=\"wp-block-file--media-ec7f4491-feb2-4e1f-bb2e-ad09b7221ae3\" href=\"https:\/\/old.nouvelleaquitaine-handball.org\/toutlehand\/wp-content\/uploads\/2021\/06\/695.2-Honorabilite-Communication_1er_mai_2021_ouverture_de_licence.pdf\">Honorabilit\u00e9 Communication 1er mai 2021 ouverture de licence<\/a><a href=\"https:\/\/old.nouvelleaquitaine-handball.org\/toutlehand\/wp-content\/uploads\/2021\/06\/695.2-Honorabilite-Communication_1er_mai_2021_ouverture_de_licence.pdf\" class=\"wp-block-file__button\" download aria-describedby=\"wp-block-file--media-ec7f4491-feb2-4e1f-bb2e-ad09b7221ae3\">T\u00e9l\u00e9charger<\/a><\/div>\n\n\n\n<div class=\"wp-block-file\"><a id=\"wp-block-file--media-60f32f47-a206-43c2-9095-492842d9dd2c\" href=\"https:\/\/old.nouvelleaquitaine-handball.org\/toutlehand\/wp-content\/uploads\/2021\/06\/695.3-Liste_referents_integrite_au_sein_des_ligues.pdf\">Liste r\u00e9f\u00e9rents int\u00e9grit\u00e9 au sein des ligues<\/a><a href=\"https:\/\/old.nouvelleaquitaine-handball.org\/toutlehand\/wp-content\/uploads\/2021\/06\/695.3-Liste_referents_integrite_au_sein_des_ligues.pdf\" class=\"wp-block-file__button\" download aria-describedby=\"wp-block-file--media-60f32f47-a206-43c2-9095-492842d9dd2c\">T\u00e9l\u00e9charger<\/a><\/div>\n","protected":false},"excerpt":{"rendered":"","protected":false},"author":1,"featured_media":2152,"parent":611,"menu_order":0,"comment_status":"closed","ping_status":"closed","template":"","meta":{"_seopress_robots_primary_cat":"","footnotes":""},"folder":[],"class_list":["post-790","page","type-page","status-publish","has-post-thumbnail","hentry"],"_links":{"self":[{"href":"https:\/\/old.nouvelleaquitaine-handball.org\/toutlehand\/wp-json\/wp\/v2\/pages\/790","targetHints":{"allow":["GET"]}}],"collection":[{"href":"https:\/\/old.nouvelleaquitaine-handball.org\/toutlehand\/wp-json\/wp\/v2\/pages"}],"about":[{"href":"https:\/\/old.nouvelleaquitaine-handball.org\/toutlehand\/wp-json\/wp\/v2\/types\/page"}],"author":[{"embeddable":true,"href":"https:\/\/old.nouvelleaquitaine-handball.org\/toutlehand\/wp-json\/wp\/v2\/users\/1"}],"replies":[{"embeddable":true,"href":"https:\/\/old.nouvelleaquitaine-handball.org\/toutlehand\/wp-json\/wp\/v2\/comments?post=790"}],"version-history":[{"count":7,"href":"https:\/\/old.nouvelleaquitaine-handball.org\/toutlehand\/wp-json\/wp\/v2\/pages\/790\/revisions"}],"predecessor-version":[{"id":3554,"href":"https:\/\/old.nouvelleaquitaine-handball.org\/toutlehand\/wp-json\/wp\/v2\/pages\/790\/revisions\/3554"}],"up":[{"embeddable":true,"href":"https:\/\/old.nouvelleaquitaine-handball.org\/toutlehand\/wp-json\/wp\/v2\/pages\/611"}],"wp:featuredmedia":[{"embeddable":true,"href":"https:\/\/old.nouvelleaquitaine-handball.org\/toutlehand\/wp-json\/wp\/v2\/media\/2152"}],"wp:attachment":[{"href":"https:\/\/old.nouvelleaquitaine-handball.org\/toutlehand\/wp-json\/wp\/v2\/media?parent=790"}],"wp:term":[{"taxonomy":"folder","embeddable":true,"href":"https:\/\/old.nouvelleaquitaine-handball.org\/toutlehand\/wp-json\/wp\/v2\/folder?post=790"}],"curies":[{"name":"wp","href":"https:\/\/api.w.org\/{rel}","templated":true}]}}