{"id":788,"date":"2021-01-23T10:22:41","date_gmt":"2021-01-23T09:22:41","guid":{"rendered":"http:\/\/nouvelleaquitaine-handball.org\/toutlehand\/?page_id=788"},"modified":"2022-09-08T17:27:02","modified_gmt":"2022-09-08T15:27:02","slug":"694-parentalite","status":"publish","type":"page","link":"https:\/\/old.nouvelleaquitaine-handball.org\/toutlehand\/600-roles-et-missions-des-dirigeants\/690-ethique\/694-parentalite\/","title":{"rendered":"Parentalit\u00e9"},"content":{"rendered":"\n<div class=\"wp-block-file\"><a id=\"wp-block-file--media-9d00a010-2920-4ac2-8393-6e7f7c9d99d6\" href=\"https:\/\/old.nouvelleaquitaine-handball.org\/toutlehand\/wp-content\/uploads\/2021\/06\/694.1-Parent-denfant-sportif-Jeunesse-et-Sports-2014.pdf\">Parent d&#8217;enfant sportif Jeunesse et Sports <\/a><a href=\"https:\/\/old.nouvelleaquitaine-handball.org\/toutlehand\/wp-content\/uploads\/2021\/06\/694.1-Parent-denfant-sportif-Jeunesse-et-Sports-2014.pdf\" class=\"wp-block-file__button\" download aria-describedby=\"wp-block-file--media-9d00a010-2920-4ac2-8393-6e7f7c9d99d6\">T\u00e9l\u00e9charger<\/a><\/div>\n\n\n\n<div class=\"wp-block-file\"><a id=\"wp-block-file--media-db7a4af1-621f-4e8b-b044-3821520ebe28\" href=\"https:\/\/old.nouvelleaquitaine-handball.org\/toutlehand\/wp-content\/uploads\/2021\/06\/694.2-Parentalite-Lettre-a-mon-pere.pdf\">Parentalit\u00e9 Lettre \u00e0 mon p\u00e8re<\/a><a href=\"https:\/\/old.nouvelleaquitaine-handball.org\/toutlehand\/wp-content\/uploads\/2021\/06\/694.2-Parentalite-Lettre-a-mon-pere.pdf\" class=\"wp-block-file__button\" download aria-describedby=\"wp-block-file--media-db7a4af1-621f-4e8b-b044-3821520ebe28\">T\u00e9l\u00e9charger<\/a><\/div>\n\n\n\n<p><\/p>\n","protected":false},"excerpt":{"rendered":"","protected":false},"author":1,"featured_media":1376,"parent":611,"menu_order":0,"comment_status":"closed","ping_status":"closed","template":"","meta":{"_seopress_robots_primary_cat":"","footnotes":""},"folder":[],"class_list":["post-788","page","type-page","status-publish","has-post-thumbnail","hentry"],"_links":{"self":[{"href":"https:\/\/old.nouvelleaquitaine-handball.org\/toutlehand\/wp-json\/wp\/v2\/pages\/788","targetHints":{"allow":["GET"]}}],"collection":[{"href":"https:\/\/old.nouvelleaquitaine-handball.org\/toutlehand\/wp-json\/wp\/v2\/pages"}],"about":[{"href":"https:\/\/old.nouvelleaquitaine-handball.org\/toutlehand\/wp-json\/wp\/v2\/types\/page"}],"author":[{"embeddable":true,"href":"https:\/\/old.nouvelleaquitaine-handball.org\/toutlehand\/wp-json\/wp\/v2\/users\/1"}],"replies":[{"embeddable":true,"href":"https:\/\/old.nouvelleaquitaine-handball.org\/toutlehand\/wp-json\/wp\/v2\/comments?post=788"}],"version-history":[{"count":6,"href":"https:\/\/old.nouvelleaquitaine-handball.org\/toutlehand\/wp-json\/wp\/v2\/pages\/788\/revisions"}],"predecessor-version":[{"id":3550,"href":"https:\/\/old.nouvelleaquitaine-handball.org\/toutlehand\/wp-json\/wp\/v2\/pages\/788\/revisions\/3550"}],"up":[{"embeddable":true,"href":"https:\/\/old.nouvelleaquitaine-handball.org\/toutlehand\/wp-json\/wp\/v2\/pages\/611"}],"wp:featuredmedia":[{"embeddable":true,"href":"https:\/\/old.nouvelleaquitaine-handball.org\/toutlehand\/wp-json\/wp\/v2\/media\/1376"}],"wp:attachment":[{"href":"https:\/\/old.nouvelleaquitaine-handball.org\/toutlehand\/wp-json\/wp\/v2\/media?parent=788"}],"wp:term":[{"taxonomy":"folder","embeddable":true,"href":"https:\/\/old.nouvelleaquitaine-handball.org\/toutlehand\/wp-json\/wp\/v2\/folder?post=788"}],"curies":[{"name":"wp","href":"https:\/\/api.w.org\/{rel}","templated":true}]}}