{"id":771,"date":"2021-01-23T10:17:34","date_gmt":"2021-01-23T09:17:34","guid":{"rendered":"http:\/\/nouvelleaquitaine-handball.org\/toutlehand\/?page_id=771"},"modified":"2022-09-08T17:14:40","modified_gmt":"2022-09-08T15:14:40","slug":"666-conseiller-technique","status":"publish","type":"page","link":"https:\/\/old.nouvelleaquitaine-handball.org\/toutlehand\/600-roles-et-missions-des-dirigeants\/660-dirigeants-techniques\/666-conseiller-technique\/","title":{"rendered":"Conseiller technique"},"content":{"rendered":"\n<div data-wp-interactive=\"core\/file\" class=\"wp-block-file\"><object data-wp-bind--hidden=\"!state.hasPdfPreview\" hidden class=\"wp-block-file__embed\" data=\"https:\/\/old.nouvelleaquitaine-handball.org\/toutlehand\/wp-content\/uploads\/2021\/06\/666.1-Laccompagnateur-de-selection.pdf\" type=\"application\/pdf\" style=\"width:100%;height:600px\" aria-label=\"Contenu embarqu\u00e9 Contenu embarqu\u00e9 L&apos;accompagnateur de s\u00e9lection..\"><\/object><a id=\"wp-block-file--media-06e039a6-da7c-432b-ad5a-e126f7fc1efb\" href=\"https:\/\/old.nouvelleaquitaine-handball.org\/toutlehand\/wp-content\/uploads\/2021\/06\/666.1-Laccompagnateur-de-selection.pdf\">L&#8217;accompagnateur de s\u00e9lection<\/a><a href=\"https:\/\/old.nouvelleaquitaine-handball.org\/toutlehand\/wp-content\/uploads\/2021\/06\/666.1-Laccompagnateur-de-selection.pdf\" class=\"wp-block-file__button\" download aria-describedby=\"wp-block-file--media-06e039a6-da7c-432b-ad5a-e126f7fc1efb\">T\u00e9l\u00e9charger<\/a><\/div>\n","protected":false},"excerpt":{"rendered":"","protected":false},"author":1,"featured_media":0,"parent":605,"menu_order":0,"comment_status":"closed","ping_status":"closed","template":"","meta":{"_seopress_robots_primary_cat":"","footnotes":""},"folder":[],"class_list":["post-771","page","type-page","status-publish","hentry"],"_links":{"self":[{"href":"https:\/\/old.nouvelleaquitaine-handball.org\/toutlehand\/wp-json\/wp\/v2\/pages\/771","targetHints":{"allow":["GET"]}}],"collection":[{"href":"https:\/\/old.nouvelleaquitaine-handball.org\/toutlehand\/wp-json\/wp\/v2\/pages"}],"about":[{"href":"https:\/\/old.nouvelleaquitaine-handball.org\/toutlehand\/wp-json\/wp\/v2\/types\/page"}],"author":[{"embeddable":true,"href":"https:\/\/old.nouvelleaquitaine-handball.org\/toutlehand\/wp-json\/wp\/v2\/users\/1"}],"replies":[{"embeddable":true,"href":"https:\/\/old.nouvelleaquitaine-handball.org\/toutlehand\/wp-json\/wp\/v2\/comments?post=771"}],"version-history":[{"count":4,"href":"https:\/\/old.nouvelleaquitaine-handball.org\/toutlehand\/wp-json\/wp\/v2\/pages\/771\/revisions"}],"predecessor-version":[{"id":3535,"href":"https:\/\/old.nouvelleaquitaine-handball.org\/toutlehand\/wp-json\/wp\/v2\/pages\/771\/revisions\/3535"}],"up":[{"embeddable":true,"href":"https:\/\/old.nouvelleaquitaine-handball.org\/toutlehand\/wp-json\/wp\/v2\/pages\/605"}],"wp:attachment":[{"href":"https:\/\/old.nouvelleaquitaine-handball.org\/toutlehand\/wp-json\/wp\/v2\/media?parent=771"}],"wp:term":[{"taxonomy":"folder","embeddable":true,"href":"https:\/\/old.nouvelleaquitaine-handball.org\/toutlehand\/wp-json\/wp\/v2\/folder?post=771"}],"curies":[{"name":"wp","href":"https:\/\/api.w.org\/{rel}","templated":true}]}}