{"id":769,"date":"2021-01-23T10:17:04","date_gmt":"2021-01-23T09:17:04","guid":{"rendered":"http:\/\/nouvelleaquitaine-handball.org\/toutlehand\/?page_id=769"},"modified":"2022-09-08T17:11:31","modified_gmt":"2022-09-08T15:11:31","slug":"665-officiels-arbitrage","status":"publish","type":"page","link":"https:\/\/old.nouvelleaquitaine-handball.org\/toutlehand\/600-roles-et-missions-des-dirigeants\/660-dirigeants-techniques\/665-officiels-arbitrage\/","title":{"rendered":"Officiels arbitrage"},"content":{"rendered":"\n<p><a href=\"https:\/\/www.ffhandball.fr\/fr\/vie-des-clubs\/arbitrer\/les-livrets-dematerialises\" data-type=\"URL\" data-id=\"https:\/\/www.ffhandball.fr\/fr\/vie-des-clubs\/arbitrer\/les-livrets-dematerialises\">Livret d&#8217;arbitrage FFHB<\/a><\/p>\n\n\n\n<p><a href=\"https:\/\/old.nouvelleaquitaine-handball.org\/toutlehand\/?p=1682\" data-type=\"URL\" data-id=\"https:\/\/old.nouvelleaquitaine-handball.org\/toutlehand\/?p=1682\" target=\"_blank\" rel=\"noreferrer noopener\">Le statut des arbitres avril 2019<\/a><\/p>\n\n\n\n<p><a href=\"https:\/\/old.nouvelleaquitaine-handball.org\/toutlehand\/?p=1684\" data-type=\"URL\" data-id=\"https:\/\/old.nouvelleaquitaine-handball.org\/toutlehand\/?p=1684\" target=\"_blank\" rel=\"noreferrer noopener\">La protection p\u00e9nale des arbitres<\/a><\/p>\n\n\n\n<p><a href=\"https:\/\/old.nouvelleaquitaine-handball.org\/toutlehand\/?p=1686\" data-type=\"URL\" data-id=\"https:\/\/old.nouvelleaquitaine-handball.org\/toutlehand\/?p=1686\" target=\"_blank\" rel=\"noreferrer noopener\">Nouvelle architecture de l arbitrage CNA FFHB<\/a><\/p>\n\n\n\n<p><a rel=\"noreferrer noopener\" href=\"https:\/\/old.nouvelleaquitaine-handball.org\/toutlehand\/?p=1688\" data-type=\"URL\" data-id=\"https:\/\/old.nouvelleaquitaine-handball.org\/toutlehand\/?p=1688\" target=\"_blank\">Le livret d&#8217;initiation \u00e0 l&#8217;arbitrage FFHB <\/a><\/p>\n\n\n\n<p><a href=\"https:\/\/old.nouvelleaquitaine-handball.org\/toutlehand\/?p=1690\" data-type=\"URL\" data-id=\"https:\/\/old.nouvelleaquitaine-handball.org\/toutlehand\/?p=1690\" target=\"_blank\" rel=\"noreferrer noopener\">Affiche Raconte moi l&#8217;arbitrage FFHB<\/a><\/p>\n\n\n\n<p><a href=\"https:\/\/old.nouvelleaquitaine-handball.org\/toutlehand\/?p=1693\" data-type=\"URL\" data-id=\"https:\/\/old.nouvelleaquitaine-handball.org\/toutlehand\/?p=1693\" target=\"_blank\" rel=\"noreferrer noopener\">R\u00f4le du correspondant d&#8217;arbitre<\/a><\/p>\n\n\n\n<p><a href=\"https:\/\/old.nouvelleaquitaine-handball.org\/toutlehand\/?p=1695\" data-type=\"URL\" data-id=\"https:\/\/old.nouvelleaquitaine-handball.org\/toutlehand\/?p=1695\" target=\"_blank\" rel=\"noreferrer noopener\">Les gestes officiels de l&#8217;arbitrage<\/a><\/p>\n","protected":false},"excerpt":{"rendered":"<p>Livret d&#8217;arbitrage FFHB Le statut des arbitres avril 2019 La protection p\u00e9nale des arbitres Nouvelle architecture de l arbitrage CNA FFHB Le livret d&#8217;initiation \u00e0 l&#8217;arbitrage FFHB Affiche Raconte moi l&#8217;arbitrage FFHB R\u00f4le du correspondant d&#8217;arbitre Les gestes officiels de l&#8217;arbitrage<\/p>\n","protected":false},"author":1,"featured_media":0,"parent":605,"menu_order":0,"comment_status":"closed","ping_status":"closed","template":"","meta":{"_seopress_robots_primary_cat":"","footnotes":""},"folder":[],"class_list":["post-769","page","type-page","status-publish","hentry"],"_links":{"self":[{"href":"https:\/\/old.nouvelleaquitaine-handball.org\/toutlehand\/wp-json\/wp\/v2\/pages\/769","targetHints":{"allow":["GET"]}}],"collection":[{"href":"https:\/\/old.nouvelleaquitaine-handball.org\/toutlehand\/wp-json\/wp\/v2\/pages"}],"about":[{"href":"https:\/\/old.nouvelleaquitaine-handball.org\/toutlehand\/wp-json\/wp\/v2\/types\/page"}],"author":[{"embeddable":true,"href":"https:\/\/old.nouvelleaquitaine-handball.org\/toutlehand\/wp-json\/wp\/v2\/users\/1"}],"replies":[{"embeddable":true,"href":"https:\/\/old.nouvelleaquitaine-handball.org\/toutlehand\/wp-json\/wp\/v2\/comments?post=769"}],"version-history":[{"count":8,"href":"https:\/\/old.nouvelleaquitaine-handball.org\/toutlehand\/wp-json\/wp\/v2\/pages\/769\/revisions"}],"predecessor-version":[{"id":3531,"href":"https:\/\/old.nouvelleaquitaine-handball.org\/toutlehand\/wp-json\/wp\/v2\/pages\/769\/revisions\/3531"}],"up":[{"embeddable":true,"href":"https:\/\/old.nouvelleaquitaine-handball.org\/toutlehand\/wp-json\/wp\/v2\/pages\/605"}],"wp:attachment":[{"href":"https:\/\/old.nouvelleaquitaine-handball.org\/toutlehand\/wp-json\/wp\/v2\/media?parent=769"}],"wp:term":[{"taxonomy":"folder","embeddable":true,"href":"https:\/\/old.nouvelleaquitaine-handball.org\/toutlehand\/wp-json\/wp\/v2\/folder?post=769"}],"curies":[{"name":"wp","href":"https:\/\/api.w.org\/{rel}","templated":true}]}}