{"id":744,"date":"2021-01-23T09:39:54","date_gmt":"2021-01-23T08:39:54","guid":{"rendered":"http:\/\/nouvelleaquitaine-handball.org\/toutlehand\/?page_id=744"},"modified":"2022-09-08T14:55:14","modified_gmt":"2022-09-08T12:55:14","slug":"623-le-tresorier","status":"publish","type":"page","link":"https:\/\/old.nouvelleaquitaine-handball.org\/toutlehand\/600-roles-et-missions-des-dirigeants\/620-bureau-directeur\/623-le-tresorier\/","title":{"rendered":"Le tr\u00e9sorier"},"content":{"rendered":"\n<div class=\"wp-block-file\"><a id=\"wp-block-file--media-ddaea94d-b168-4010-bd07-411b856ce4da\" href=\"https:\/\/old.nouvelleaquitaine-handball.org\/toutlehand\/wp-content\/uploads\/2021\/06\/623.1-Role-du-tresorier-dassociation.pdf\">R\u00f4le du tr\u00e9sorier d&#8217;association<\/a><a href=\"https:\/\/old.nouvelleaquitaine-handball.org\/toutlehand\/wp-content\/uploads\/2021\/06\/623.1-Role-du-tresorier-dassociation.pdf\" class=\"wp-block-file__button\" download aria-describedby=\"wp-block-file--media-ddaea94d-b168-4010-bd07-411b856ce4da\">T\u00e9l\u00e9charger<\/a><\/div>\n\n\n\n<div class=\"wp-block-file\"><a id=\"wp-block-file--media-282d858b-8fa0-4919-9d0e-293ce659b997\" href=\"https:\/\/old.nouvelleaquitaine-handball.org\/toutlehand\/wp-content\/uploads\/2021\/06\/623.3-Compte-rendu-financier-de-subvention-cerfa_15059-02.pdf\">Compte-rendu financier de subvention cerfa_15059-02<\/a><a href=\"https:\/\/old.nouvelleaquitaine-handball.org\/toutlehand\/wp-content\/uploads\/2021\/06\/623.3-Compte-rendu-financier-de-subvention-cerfa_15059-02.pdf\" class=\"wp-block-file__button\" download aria-describedby=\"wp-block-file--media-282d858b-8fa0-4919-9d0e-293ce659b997\">T\u00e9l\u00e9charger<\/a><\/div>\n\n\n\n<div class=\"wp-block-file\"><a id=\"wp-block-file--media-acf2f910-a951-44f2-9704-1a2ac002b46e\" href=\"https:\/\/old.nouvelleaquitaine-handball.org\/toutlehand\/wp-content\/uploads\/2021\/06\/623.4-Demande-de-subvention-ANS-cerfa-12156-05.doc\">Demande de subvention ANS cerfa-12156-05<\/a><a href=\"https:\/\/old.nouvelleaquitaine-handball.org\/toutlehand\/wp-content\/uploads\/2021\/06\/623.4-Demande-de-subvention-ANS-cerfa-12156-05.doc\" class=\"wp-block-file__button\" download aria-describedby=\"wp-block-file--media-acf2f910-a951-44f2-9704-1a2ac002b46e\">T\u00e9l\u00e9charger<\/a><\/div>\n\n\n\n<p><a rel=\"noreferrer noopener\" href=\"https:\/\/www.service-public.fr\/associations\/vosdroits\/R1271\" target=\"_blank\">Demande de subvention ANS cerfa-12156-05 &#8211; En ligne<\/a><\/p>\n\n\n\n<div class=\"wp-block-file\"><a id=\"wp-block-file--media-817de03d-2628-4377-85a6-8e63d63f7302\" href=\"https:\/\/old.nouvelleaquitaine-handball.org\/toutlehand\/wp-content\/uploads\/2021\/06\/623.5-benevolat_fev2014.pdf\">B\u00e9n\u00e9volat fev2014<\/a><a href=\"https:\/\/old.nouvelleaquitaine-handball.org\/toutlehand\/wp-content\/uploads\/2021\/06\/623.5-benevolat_fev2014.pdf\" class=\"wp-block-file__button\" download aria-describedby=\"wp-block-file--media-817de03d-2628-4377-85a6-8e63d63f7302\">T\u00e9l\u00e9charger<\/a><\/div>\n\n\n\n<p><a rel=\"noreferrer noopener\" href=\"https:\/\/www.ffhandball.fr\/fr\/vie-des-clubs\/se-developper\/mon-club\/agence-nationale-du-sport\" target=\"_blank\">Subvention ANS FFHB &#8211; En ligne ( site f\u00e9d\u00e9ral )<\/a><\/p>\n\n\n\n<p><a href=\"https:\/\/old.nouvelleaquitaine-handball.org\/toutlehand\/wp-content\/uploads\/2021\/11\/Presentation-tresorier.pdf\" data-type=\"URL\" data-id=\"https:\/\/old.nouvelleaquitaine-handball.org\/toutlehand\/wp-content\/uploads\/2021\/11\/Presentation-tresorier.pdf\" target=\"_blank\" rel=\"noreferrer noopener\">Pr\u00e9sentation Tr\u00e9sorier<\/a><\/p>\n","protected":false},"excerpt":{"rendered":"<p>Demande de subvention ANS cerfa-12156-05 &#8211; En ligne Subvention ANS FFHB &#8211; En ligne ( site f\u00e9d\u00e9ral ) Pr\u00e9sentation Tr\u00e9sorier<\/p>\n","protected":false},"author":1,"featured_media":1754,"parent":597,"menu_order":0,"comment_status":"closed","ping_status":"closed","template":"","meta":{"_seopress_robots_primary_cat":"","footnotes":""},"folder":[],"class_list":["post-744","page","type-page","status-publish","has-post-thumbnail","hentry"],"_links":{"self":[{"href":"https:\/\/old.nouvelleaquitaine-handball.org\/toutlehand\/wp-json\/wp\/v2\/pages\/744","targetHints":{"allow":["GET"]}}],"collection":[{"href":"https:\/\/old.nouvelleaquitaine-handball.org\/toutlehand\/wp-json\/wp\/v2\/pages"}],"about":[{"href":"https:\/\/old.nouvelleaquitaine-handball.org\/toutlehand\/wp-json\/wp\/v2\/types\/page"}],"author":[{"embeddable":true,"href":"https:\/\/old.nouvelleaquitaine-handball.org\/toutlehand\/wp-json\/wp\/v2\/users\/1"}],"replies":[{"embeddable":true,"href":"https:\/\/old.nouvelleaquitaine-handball.org\/toutlehand\/wp-json\/wp\/v2\/comments?post=744"}],"version-history":[{"count":9,"href":"https:\/\/old.nouvelleaquitaine-handball.org\/toutlehand\/wp-json\/wp\/v2\/pages\/744\/revisions"}],"predecessor-version":[{"id":3490,"href":"https:\/\/old.nouvelleaquitaine-handball.org\/toutlehand\/wp-json\/wp\/v2\/pages\/744\/revisions\/3490"}],"up":[{"embeddable":true,"href":"https:\/\/old.nouvelleaquitaine-handball.org\/toutlehand\/wp-json\/wp\/v2\/pages\/597"}],"wp:featuredmedia":[{"embeddable":true,"href":"https:\/\/old.nouvelleaquitaine-handball.org\/toutlehand\/wp-json\/wp\/v2\/media\/1754"}],"wp:attachment":[{"href":"https:\/\/old.nouvelleaquitaine-handball.org\/toutlehand\/wp-json\/wp\/v2\/media?parent=744"}],"wp:term":[{"taxonomy":"folder","embeddable":true,"href":"https:\/\/old.nouvelleaquitaine-handball.org\/toutlehand\/wp-json\/wp\/v2\/folder?post=744"}],"curies":[{"name":"wp","href":"https:\/\/api.w.org\/{rel}","templated":true}]}}