{"id":710,"date":"2021-01-22T17:43:38","date_gmt":"2021-01-22T16:43:38","guid":{"rendered":"http:\/\/nouvelleaquitaine-handball.org\/toutlehand\/?page_id=710"},"modified":"2022-09-08T12:14:16","modified_gmt":"2022-09-08T10:14:16","slug":"271-cmcd-generalites","status":"publish","type":"page","link":"https:\/\/old.nouvelleaquitaine-handball.org\/toutlehand\/200-competition\/270-cmcd\/271-cmcd-generalites\/","title":{"rendered":"CMCD G\u00e9n\u00e9ralit\u00e9s"},"content":{"rendered":"\n<p><a href=\"https:\/\/old.nouvelleaquitaine-handball.org\/toutlehand\/?p=1466\">FFHB CMCD arbitre 55 ans<\/a><\/p>\n\n\n\n<p><a href=\"https:\/\/old.nouvelleaquitaine-handball.org\/toutlehand\/?p=398\">Licence blanche CMCD<\/a><\/p>\n\n\n\n<p><a href=\"https:\/\/old.nouvelleaquitaine-handball.org\/toutlehand\/?p=1469\">FFHB CMCD arbitres techniciens mutation<\/a><\/p>\n\n\n\n<p><\/p>\n","protected":false},"excerpt":{"rendered":"<p>FFHB CMCD arbitre 55 ans Licence blanche CMCD FFHB CMCD arbitres techniciens mutation<\/p>\n","protected":false},"author":1,"featured_media":0,"parent":577,"menu_order":0,"comment_status":"closed","ping_status":"closed","template":"","meta":{"_seopress_robots_primary_cat":"","footnotes":""},"folder":[],"class_list":["post-710","page","type-page","status-publish","hentry"],"_links":{"self":[{"href":"https:\/\/old.nouvelleaquitaine-handball.org\/toutlehand\/wp-json\/wp\/v2\/pages\/710","targetHints":{"allow":["GET"]}}],"collection":[{"href":"https:\/\/old.nouvelleaquitaine-handball.org\/toutlehand\/wp-json\/wp\/v2\/pages"}],"about":[{"href":"https:\/\/old.nouvelleaquitaine-handball.org\/toutlehand\/wp-json\/wp\/v2\/types\/page"}],"author":[{"embeddable":true,"href":"https:\/\/old.nouvelleaquitaine-handball.org\/toutlehand\/wp-json\/wp\/v2\/users\/1"}],"replies":[{"embeddable":true,"href":"https:\/\/old.nouvelleaquitaine-handball.org\/toutlehand\/wp-json\/wp\/v2\/comments?post=710"}],"version-history":[{"count":9,"href":"https:\/\/old.nouvelleaquitaine-handball.org\/toutlehand\/wp-json\/wp\/v2\/pages\/710\/revisions"}],"predecessor-version":[{"id":3436,"href":"https:\/\/old.nouvelleaquitaine-handball.org\/toutlehand\/wp-json\/wp\/v2\/pages\/710\/revisions\/3436"}],"up":[{"embeddable":true,"href":"https:\/\/old.nouvelleaquitaine-handball.org\/toutlehand\/wp-json\/wp\/v2\/pages\/577"}],"wp:attachment":[{"href":"https:\/\/old.nouvelleaquitaine-handball.org\/toutlehand\/wp-json\/wp\/v2\/media?parent=710"}],"wp:term":[{"taxonomy":"folder","embeddable":true,"href":"https:\/\/old.nouvelleaquitaine-handball.org\/toutlehand\/wp-json\/wp\/v2\/folder?post=710"}],"curies":[{"name":"wp","href":"https:\/\/api.w.org\/{rel}","templated":true}]}}