{"id":634,"date":"2021-01-22T16:40:00","date_gmt":"2021-01-22T15:40:00","guid":{"rendered":"http:\/\/nouvelleaquitaine-handball.org\/toutlehand\/?page_id=634"},"modified":"2022-09-08T10:53:54","modified_gmt":"2022-09-08T08:53:54","slug":"214-instances-territoriales","status":"publish","type":"page","link":"https:\/\/old.nouvelleaquitaine-handball.org\/toutlehand\/200-competition\/210-reglements-et-instances\/214-instances-territoriales\/","title":{"rendered":"Instances territoriales"},"content":{"rendered":"\n<p style=\"font-size:31px\"><strong><a href=\"https:\/\/nouvelleaquitaine-handball.org\/\" target=\"_blank\" rel=\"noreferrer noopener\">Ligue Nouvelle Aquitaine<\/a><\/strong><\/p>\n\n\n\n<p><a href=\"https:\/\/nouvelleaquitaine-handball.org\/index.php\/decouvrir-la-ligue\/les-acteurs-du-territoire\/equipe-dirigeante\/\">Equipe dirigeante et pr\u00e9sidents de commissions<\/a><\/p>\n\n\n\n<p><a href=\"https:\/\/nouvelleaquitaine-handball.org\/index.php\/decouvrir-la-ligue\/les-commissions\/organisation-des-competitions\/\">Organisation des comp\u00e9titions<\/a><\/p>\n\n\n\n<p><a href=\"https:\/\/nouvelleaquitaine-handball.org\/index.php\/decouvrir-la-ligue\/les-commissions\/arbitrage\/\">Arbitrage<\/a><\/p>\n\n\n\n<p><a href=\"https:\/\/nouvelleaquitaine-handball.org\/index.php\/decouvrir-la-ligue\/les-commissions\/discipline\/\">Discipline<\/a><\/p>\n\n\n\n<p><a href=\"https:\/\/nouvelleaquitaine-handball.org\/index.php\/decouvrir-la-ligue\/les-commissions\/statuts-reglements\/\">Statuts et r\u00e8glements<\/a><\/p>\n\n\n\n<p><a href=\"https:\/\/nouvelleaquitaine-handball.org\/index.php\/decouvrir-la-ligue\/les-commissions\/reclamations-et-litiges\/\">R\u00e9clamations et litiges<\/a><\/p>\n\n\n\n<p><a href=\"https:\/\/nouvelleaquitaine-handball.org\/index.php\/decouvrir-la-ligue\/les-commissions\/medical\/\">M\u00e9dicale<\/a><\/p>\n\n\n\n<p><a href=\"https:\/\/nouvelleaquitaine-handball.org\/index.php\/decouvrir-la-ligue\/les-commissions\/developpement\/\">D\u00e9veloppement<\/a><\/p>\n\n\n\n<p><a href=\"https:\/\/nouvelleaquitaine-handball.org\/index.php\/decouvrir-la-ligue\/les-commissions\/communication\/\">Communication<\/a><\/p>\n","protected":false},"excerpt":{"rendered":"<p>Ligue Nouvelle Aquitaine Equipe dirigeante et pr\u00e9sidents de commissions Organisation des comp\u00e9titions Arbitrage Discipline Statuts et r\u00e8glements R\u00e9clamations et litiges M\u00e9dicale D\u00e9veloppement Communication<\/p>\n","protected":false},"author":1,"featured_media":0,"parent":565,"menu_order":0,"comment_status":"closed","ping_status":"closed","template":"","meta":{"_seopress_robots_primary_cat":"","footnotes":""},"folder":[],"class_list":["post-634","page","type-page","status-publish","hentry"],"_links":{"self":[{"href":"https:\/\/old.nouvelleaquitaine-handball.org\/toutlehand\/wp-json\/wp\/v2\/pages\/634","targetHints":{"allow":["GET"]}}],"collection":[{"href":"https:\/\/old.nouvelleaquitaine-handball.org\/toutlehand\/wp-json\/wp\/v2\/pages"}],"about":[{"href":"https:\/\/old.nouvelleaquitaine-handball.org\/toutlehand\/wp-json\/wp\/v2\/types\/page"}],"author":[{"embeddable":true,"href":"https:\/\/old.nouvelleaquitaine-handball.org\/toutlehand\/wp-json\/wp\/v2\/users\/1"}],"replies":[{"embeddable":true,"href":"https:\/\/old.nouvelleaquitaine-handball.org\/toutlehand\/wp-json\/wp\/v2\/comments?post=634"}],"version-history":[{"count":12,"href":"https:\/\/old.nouvelleaquitaine-handball.org\/toutlehand\/wp-json\/wp\/v2\/pages\/634\/revisions"}],"predecessor-version":[{"id":3406,"href":"https:\/\/old.nouvelleaquitaine-handball.org\/toutlehand\/wp-json\/wp\/v2\/pages\/634\/revisions\/3406"}],"up":[{"embeddable":true,"href":"https:\/\/old.nouvelleaquitaine-handball.org\/toutlehand\/wp-json\/wp\/v2\/pages\/565"}],"wp:attachment":[{"href":"https:\/\/old.nouvelleaquitaine-handball.org\/toutlehand\/wp-json\/wp\/v2\/media?parent=634"}],"wp:term":[{"taxonomy":"folder","embeddable":true,"href":"https:\/\/old.nouvelleaquitaine-handball.org\/toutlehand\/wp-json\/wp\/v2\/folder?post=634"}],"curies":[{"name":"wp","href":"https:\/\/api.w.org\/{rel}","templated":true}]}}