{"id":632,"date":"2021-01-22T16:39:41","date_gmt":"2021-01-22T15:39:41","guid":{"rendered":"http:\/\/nouvelleaquitaine-handball.org\/toutlehand\/?page_id=632"},"modified":"2023-07-10T16:39:00","modified_gmt":"2023-07-10T14:39:00","slug":"213-instances-federales","status":"publish","type":"page","link":"https:\/\/old.nouvelleaquitaine-handball.org\/toutlehand\/200-competition\/210-reglements-et-instances\/213-instances-federales\/","title":{"rendered":"Instances f\u00e9d\u00e9rales"},"content":{"rendered":"\n<p><a href=\"https:\/\/www.ffhandball.fr\/competitions\/saison-2022-2023-18\/\" target=\"_blank\" rel=\"noreferrer noopener\">competitions COC<\/a><\/p>\n\n\n\n<figure class=\"wp-block-image size-large is-resized\"><img loading=\"lazy\" decoding=\"async\" src=\"http:\/\/nouvelleaquitaine-handball.org\/toutlehand\/wp-content\/uploads\/2021\/05\/coc-ffhb-petit.png\" alt=\"\" class=\"wp-image-1226\" width=\"269\" height=\"128\" srcset=\"https:\/\/old.nouvelleaquitaine-handball.org\/toutlehand\/wp-content\/uploads\/2021\/05\/coc-ffhb-petit.png 547w, https:\/\/old.nouvelleaquitaine-handball.org\/toutlehand\/wp-content\/uploads\/2021\/05\/coc-ffhb-petit-300x143.png 300w\" sizes=\"auto, (max-width: 269px) 100vw, 269px\" \/><figcaption class=\"wp-element-caption\"><a href=\"https:\/\/www.ffhandball.fr\/vie-federale\/commissions\/competitions\/\" target=\"_blank\" rel=\"noreferrer noopener\">https:\/\/www.ffhandball.fr\/fr\/ffhandball\/commissionss\/commission-d-organisation-des-competitions<\/a><\/figcaption><\/figure>\n\n\n\n<p><a href=\"https:\/\/www.ffhandball.fr\/vie-federale\/commissions\/discipline\/\" target=\"_blank\" rel=\"noreferrer noopener\">commission discipline<\/a><\/p>\n\n\n\n<figure class=\"wp-block-image size-large is-resized\"><img loading=\"lazy\" decoding=\"async\" src=\"http:\/\/nouvelleaquitaine-handball.org\/toutlehand\/wp-content\/uploads\/2021\/05\/commission-discipline-ffhb.png\" alt=\"\" class=\"wp-image-1229\" width=\"269\" height=\"127\" srcset=\"https:\/\/old.nouvelleaquitaine-handball.org\/toutlehand\/wp-content\/uploads\/2021\/05\/commission-discipline-ffhb.png 477w, https:\/\/old.nouvelleaquitaine-handball.org\/toutlehand\/wp-content\/uploads\/2021\/05\/commission-discipline-ffhb-300x142.png 300w\" sizes=\"auto, (max-width: 269px) 100vw, 269px\" \/><figcaption class=\"wp-element-caption\"><a href=\"https:\/\/www.ffhandball.fr\/vie-federale\/commissions\/discipline\/\" target=\"_blank\" rel=\"noreferrer noopener\">https:\/\/www.ffhandball.fr\/fr\/ffhandball\/commissionss\/commission-de-discipline<\/a><\/figcaption><\/figure>\n\n\n\n<p><a href=\"https:\/\/www.ffhandball.fr\/vie-federale\/commissions\/ethique-citoyenne\/\" target=\"_blank\" rel=\"noreferrer noopener\">commission \u00e9thique et citoyenne<\/a><\/p>\n\n\n\n<figure class=\"wp-block-image size-large is-resized\"><img loading=\"lazy\" decoding=\"async\" src=\"http:\/\/nouvelleaquitaine-handball.org\/toutlehand\/wp-content\/uploads\/2021\/05\/commission-ethique-citoyenne.png\" alt=\"\" class=\"wp-image-1230\" width=\"269\" height=\"122\" srcset=\"https:\/\/old.nouvelleaquitaine-handball.org\/toutlehand\/wp-content\/uploads\/2021\/05\/commission-ethique-citoyenne.png 493w, https:\/\/old.nouvelleaquitaine-handball.org\/toutlehand\/wp-content\/uploads\/2021\/05\/commission-ethique-citoyenne-300x136.png 300w\" sizes=\"auto, (max-width: 269px) 100vw, 269px\" \/><figcaption class=\"wp-element-caption\"><a href=\"https:\/\/www.ffhandball.fr\/vie-federale\/commissions\/ethique-citoyenne\/\" target=\"_blank\" rel=\"noreferrer noopener\">https:\/\/www.ffhandball.fr\/fr\/ffhandball\/commissionss\/commission-ethique-et-citoyenne<\/a><\/figcaption><\/figure>\n\n\n\n<p><a href=\"https:\/\/www.ffhandball.fr\/vie-federale\/commissions\/jury-dappel\/\" target=\"_blank\" rel=\"noreferrer noopener\">jury d&#8217;appel<\/a><\/p>\n\n\n\n<figure class=\"wp-block-image size-large is-resized\"><img loading=\"lazy\" decoding=\"async\" src=\"http:\/\/nouvelleaquitaine-handball.org\/toutlehand\/wp-content\/uploads\/2021\/05\/jury-appel.png\" alt=\"\" class=\"wp-image-1231\" width=\"270\" height=\"131\" srcset=\"https:\/\/old.nouvelleaquitaine-handball.org\/toutlehand\/wp-content\/uploads\/2021\/05\/jury-appel.png 493w, https:\/\/old.nouvelleaquitaine-handball.org\/toutlehand\/wp-content\/uploads\/2021\/05\/jury-appel-300x146.png 300w\" sizes=\"auto, (max-width: 270px) 100vw, 270px\" \/><figcaption class=\"wp-element-caption\"><a href=\"https:\/\/www.ffhandball.fr\/vie-federale\/commissions\/jury-dappel\/\" target=\"_blank\" rel=\"noreferrer noopener\">https:\/\/www.ffhandball.fr\/fr\/ffhandball\/commissionss\/jury-d-appel<\/a><\/figcaption><\/figure>\n\n\n\n<p><a href=\"https:\/\/www.ffhandball.fr\/vie-federale\/commissions\/reclamations\/\" target=\"_blank\" rel=\"noreferrer noopener\">commission r\u00e9clamations et litiges<\/a><\/p>\n\n\n\n<figure class=\"wp-block-image size-large is-resized\"><a href=\"https:\/\/www.ffhandball.fr\/fr\/ffhandball\/commissionss\/commission-de-reclamations-et-litiges\" target=\"_blank\" rel=\"noopener\"><img loading=\"lazy\" decoding=\"async\" src=\"http:\/\/nouvelleaquitaine-handball.org\/toutlehand\/wp-content\/uploads\/2021\/05\/reclamations-litiges.png\" alt=\"\" class=\"wp-image-1232\" width=\"274\" height=\"121\" srcset=\"https:\/\/old.nouvelleaquitaine-handball.org\/toutlehand\/wp-content\/uploads\/2021\/05\/reclamations-litiges.png 562w, https:\/\/old.nouvelleaquitaine-handball.org\/toutlehand\/wp-content\/uploads\/2021\/05\/reclamations-litiges-300x132.png 300w\" sizes=\"auto, (max-width: 274px) 100vw, 274px\" \/><\/a><\/figure>\n\n\n\n<p><a href=\"https:\/\/www.ffhandball.fr\/vie-federale\/commissions\/statuts-et-reglementations\/\" target=\"_blank\" rel=\"noreferrer noopener\">statuts et r\u00e8glements<\/a><\/p>\n\n\n\n<figure class=\"wp-block-image size-large is-resized\"><img loading=\"lazy\" decoding=\"async\" src=\"http:\/\/nouvelleaquitaine-handball.org\/toutlehand\/wp-content\/uploads\/2021\/05\/statuts-reglements.png\" alt=\"\" class=\"wp-image-1234\" width=\"277\" height=\"125\" srcset=\"https:\/\/old.nouvelleaquitaine-handball.org\/toutlehand\/wp-content\/uploads\/2021\/05\/statuts-reglements.png 500w, https:\/\/old.nouvelleaquitaine-handball.org\/toutlehand\/wp-content\/uploads\/2021\/05\/statuts-reglements-300x135.png 300w\" sizes=\"auto, (max-width: 277px) 100vw, 277px\" \/><figcaption class=\"wp-element-caption\"><a href=\"https:\/\/www.ffhandball.fr\/vie-federale\/commissions\/statuts-et-reglementations\/\" target=\"_blank\" rel=\"noreferrer noopener\">https:\/\/www.ffhandball.fr\/fr\/ffhandball\/commissionss\/commission-des-statuts-et-reglements<\/a><\/figcaption><\/figure>\n\n\n\n<p><\/p>\n","protected":false},"excerpt":{"rendered":"<p>competitions COC commission discipline commission \u00e9thique et citoyenne jury d&#8217;appel commission r\u00e9clamations et litiges statuts et r\u00e8glements<\/p>\n","protected":false},"author":1,"featured_media":183,"parent":565,"menu_order":0,"comment_status":"closed","ping_status":"closed","template":"","meta":{"_seopress_robots_primary_cat":"","footnotes":""},"folder":[],"class_list":["post-632","page","type-page","status-publish","has-post-thumbnail","hentry"],"_links":{"self":[{"href":"https:\/\/old.nouvelleaquitaine-handball.org\/toutlehand\/wp-json\/wp\/v2\/pages\/632","targetHints":{"allow":["GET"]}}],"collection":[{"href":"https:\/\/old.nouvelleaquitaine-handball.org\/toutlehand\/wp-json\/wp\/v2\/pages"}],"about":[{"href":"https:\/\/old.nouvelleaquitaine-handball.org\/toutlehand\/wp-json\/wp\/v2\/types\/page"}],"author":[{"embeddable":true,"href":"https:\/\/old.nouvelleaquitaine-handball.org\/toutlehand\/wp-json\/wp\/v2\/users\/1"}],"replies":[{"embeddable":true,"href":"https:\/\/old.nouvelleaquitaine-handball.org\/toutlehand\/wp-json\/wp\/v2\/comments?post=632"}],"version-history":[{"count":9,"href":"https:\/\/old.nouvelleaquitaine-handball.org\/toutlehand\/wp-json\/wp\/v2\/pages\/632\/revisions"}],"predecessor-version":[{"id":3811,"href":"https:\/\/old.nouvelleaquitaine-handball.org\/toutlehand\/wp-json\/wp\/v2\/pages\/632\/revisions\/3811"}],"up":[{"embeddable":true,"href":"https:\/\/old.nouvelleaquitaine-handball.org\/toutlehand\/wp-json\/wp\/v2\/pages\/565"}],"wp:featuredmedia":[{"embeddable":true,"href":"https:\/\/old.nouvelleaquitaine-handball.org\/toutlehand\/wp-json\/wp\/v2\/media\/183"}],"wp:attachment":[{"href":"https:\/\/old.nouvelleaquitaine-handball.org\/toutlehand\/wp-json\/wp\/v2\/media?parent=632"}],"wp:term":[{"taxonomy":"folder","embeddable":true,"href":"https:\/\/old.nouvelleaquitaine-handball.org\/toutlehand\/wp-json\/wp\/v2\/folder?post=632"}],"curies":[{"name":"wp","href":"https:\/\/api.w.org\/{rel}","templated":true}]}}