{"id":628,"date":"2021-01-22T16:37:43","date_gmt":"2021-01-22T15:37:43","guid":{"rendered":"http:\/\/nouvelleaquitaine-handball.org\/toutlehand\/?page_id=628"},"modified":"2023-07-10T16:27:34","modified_gmt":"2023-07-10T14:27:34","slug":"211-reglements-federaux","status":"publish","type":"page","link":"https:\/\/old.nouvelleaquitaine-handball.org\/toutlehand\/200-competition\/210-reglements-et-instances\/211-reglements-federaux\/","title":{"rendered":"R\u00e8glements f\u00e9d\u00e9raux"},"content":{"rendered":"\n<p><a href=\"https:\/\/ffhb-cloudinary.corebine.com\/ffhb-production\/image\/upload\/v1563197732\/ffhb-prod\/assets\/04_reg_IL_IP_IC_2019-20.pdf\" target=\"_blank\" rel=\"noreferrer noopener\">R\u00e8glement des d\u00e9tections InterLigues, InterP\u00f4les, InterComit\u00e9s 2020-21<\/a><\/p>\n\n\n\n<p><a href=\"https:\/\/ffhb-cloudinary.corebine.com\/ffhb-production\/image\/upload\/v1562270663\/ffhb-prod\/assets\/les_regles_de_jeu.pdf\" target=\"_blank\" rel=\"noreferrer noopener\">Les r\u00e8gles de jeu (\u00e9dition 2016)<\/a><\/p>\n\n\n\n<p><a href=\"https:\/\/www.ffhandball.fr\/vie-federale\/documentation\/reglements\/\">R\u00e8glement g\u00e9n\u00e9ral des comp\u00e9titions nationales 2023-2024<\/a><\/p>\n\n\n\n<p><a href=\"https:\/\/www.ffhandball.fr\/vie-federale\/documentation\/reglements\/\">R\u00e8glement m\u00e9dical 2023-24<\/a><\/p>\n\n\n\n<p><a href=\"https:\/\/old.nouvelleaquitaine-handball.org\/toutlehand\/wp-content\/uploads\/2022\/07\/06_Reglement_disciplinaire_v18-07-2022.pdf\">R\u00e8glement disciplinaire 2023-24<\/a><\/p>\n\n\n\n<p><a href=\"https:\/\/www.ffhandball.fr\/vie-federale\/documentation\/reglements\/\">R\u00e8glement des r\u00e9clamations et litiges 2023-24<\/a><\/p>\n\n\n\n<p><a href=\"https:\/\/old.nouvelleaquitaine-handball.org\/toutlehand\/wp-content\/uploads\/2022\/07\/13_ethique_2022-23_v30-06-2022.pdf\">Charte \u00e9thique et d\u00e9ontologique 2022-23<\/a><\/p>\n\n\n\n<p><a href=\"https:\/\/old.nouvelleaquitaine-handball.org\/toutlehand\/wp-content\/uploads\/2022\/07\/04_CNCG_2022-23_v05-05-2022.pdf\">CNCG Contr\u00f4le administratif et financier 2023-24<\/a><\/p>\n\n\n\n<p><a href=\"https:\/\/res.cloudinary.com\/ffhb-production\/image\/upload\/v1657554882\/ffhb-prod\/assets\/guide_financier_-_MAJ_post_AG_e%CC%81lectronique_juin_2022_vclean.pdf\" data-type=\"URL\" data-id=\"https:\/\/res.cloudinary.com\/ffhb-production\/image\/upload\/v1657554882\/ffhb-prod\/assets\/guide_financier_-_MAJ_post_AG_e%CC%81lectronique_juin_2022_vclean.pdf\">Guide Financier 23-24<\/a><\/p>\n\n\n\n<p><a href=\"https:\/\/res.cloudinary.com\/ffhb-production\/image\/upload\/v1661855756\/ffhb-prod\/assets\/Re%CC%80glements_CdF_nat_re%CC%81g_et_dpt_2022-23_VF.pdf\" data-type=\"URL\" data-id=\"https:\/\/res.cloudinary.com\/ffhb-production\/image\/upload\/v1661855756\/ffhb-prod\/assets\/Re%CC%80glements_CdF_nat_re%CC%81g_et_dpt_2022-23_VF.pdf\">R\u00e8glement Coupe de France 2022-23<\/a><\/p>\n","protected":false},"excerpt":{"rendered":"<p>R\u00e8glement des d\u00e9tections InterLigues, InterP\u00f4les, InterComit\u00e9s 2020-21 Les r\u00e8gles de jeu (\u00e9dition 2016) R\u00e8glement g\u00e9n\u00e9ral des comp\u00e9titions nationales 2023-2024 R\u00e8glement m\u00e9dical 2023-24 R\u00e8glement disciplinaire 2023-24 R\u00e8glement des r\u00e9clamations et litiges 2023-24 Charte \u00e9thique et d\u00e9ontologique 2022-23 CNCG Contr\u00f4le administratif et financier 2023-24 Guide Financier 23-24 R\u00e8glement Coupe de France 2022-23<\/p>\n","protected":false},"author":1,"featured_media":1106,"parent":565,"menu_order":0,"comment_status":"closed","ping_status":"closed","template":"","meta":{"_seopress_robots_primary_cat":"","footnotes":""},"folder":[],"class_list":["post-628","page","type-page","status-publish","has-post-thumbnail","hentry"],"_links":{"self":[{"href":"https:\/\/old.nouvelleaquitaine-handball.org\/toutlehand\/wp-json\/wp\/v2\/pages\/628","targetHints":{"allow":["GET"]}}],"collection":[{"href":"https:\/\/old.nouvelleaquitaine-handball.org\/toutlehand\/wp-json\/wp\/v2\/pages"}],"about":[{"href":"https:\/\/old.nouvelleaquitaine-handball.org\/toutlehand\/wp-json\/wp\/v2\/types\/page"}],"author":[{"embeddable":true,"href":"https:\/\/old.nouvelleaquitaine-handball.org\/toutlehand\/wp-json\/wp\/v2\/users\/1"}],"replies":[{"embeddable":true,"href":"https:\/\/old.nouvelleaquitaine-handball.org\/toutlehand\/wp-json\/wp\/v2\/comments?post=628"}],"version-history":[{"count":28,"href":"https:\/\/old.nouvelleaquitaine-handball.org\/toutlehand\/wp-json\/wp\/v2\/pages\/628\/revisions"}],"predecessor-version":[{"id":3803,"href":"https:\/\/old.nouvelleaquitaine-handball.org\/toutlehand\/wp-json\/wp\/v2\/pages\/628\/revisions\/3803"}],"up":[{"embeddable":true,"href":"https:\/\/old.nouvelleaquitaine-handball.org\/toutlehand\/wp-json\/wp\/v2\/pages\/565"}],"wp:featuredmedia":[{"embeddable":true,"href":"https:\/\/old.nouvelleaquitaine-handball.org\/toutlehand\/wp-json\/wp\/v2\/media\/1106"}],"wp:attachment":[{"href":"https:\/\/old.nouvelleaquitaine-handball.org\/toutlehand\/wp-json\/wp\/v2\/media?parent=628"}],"wp:term":[{"taxonomy":"folder","embeddable":true,"href":"https:\/\/old.nouvelleaquitaine-handball.org\/toutlehand\/wp-json\/wp\/v2\/folder?post=628"}],"curies":[{"name":"wp","href":"https:\/\/api.w.org\/{rel}","templated":true}]}}