{"id":607,"date":"2021-01-22T14:53:00","date_gmt":"2021-01-22T13:53:00","guid":{"rendered":"http:\/\/nouvelleaquitaine-handball.org\/toutlehand\/?page_id=607"},"modified":"2022-02-22T12:39:05","modified_gmt":"2022-02-22T11:39:05","slug":"670-festivites","status":"publish","type":"page","link":"https:\/\/old.nouvelleaquitaine-handball.org\/toutlehand\/600-roles-et-missions-des-dirigeants\/670-festivites\/","title":{"rendered":"Festivit\u00e9s"},"content":{"rendered":"\n<p><a rel=\"noreferrer noopener\" href=\"https:\/\/www.helloasso.com\/blog\/une-association-doit-elle-payer-la-sacem\/\" target=\"_blank\">Diffuser de la musique SACEM HelloAsso<\/a><\/p>\n\n\n\n<p><a rel=\"noreferrer noopener\" href=\"https:\/\/www.service-public.fr\/associations\/vosdroits\/F31613\" target=\"_blank\">L&#8217;association organise un \u00e9v\u00e9nement  &#8211; Service Public<\/a><\/p>\n\n\n\n<p><a rel=\"noreferrer noopener\" href=\"https:\/\/www.helloasso.com\/blog\/organisation-dun-tournoi-sportif-ou-dune-competition-comment-faire\/\" target=\"_blank\">Organiser un tournoi  &#8211; Hello Asso<\/a><\/p>\n\n\n\n<p><a rel=\"noreferrer noopener\" href=\"https:\/\/www.associatheque.fr\/fr\/organiser-une-manifestation\/index.html?amcpage=19\" target=\"_blank\">Organiser une manifestation sportive Associath\u00e8que<\/a><\/p>\n\n\n\n<p><a rel=\"noreferrer noopener\" href=\"https:\/\/www.helloasso.com\/blog\/comment-ouvrir-une-buvette-lors-dun-evenement-associatif\/\" target=\"_blank\">Ouvrir une buvette HelloAsso<\/a><\/p>\n","protected":false},"excerpt":{"rendered":"<p>Diffuser de la musique SACEM HelloAsso L&#8217;association organise un \u00e9v\u00e9nement &#8211; Service Public Organiser un tournoi &#8211; Hello Asso Organiser une manifestation sportive Associath\u00e8que Ouvrir une buvette HelloAsso<\/p>\n","protected":false},"author":1,"featured_media":35,"parent":561,"menu_order":0,"comment_status":"closed","ping_status":"closed","template":"","meta":{"_seopress_robots_primary_cat":"","footnotes":""},"folder":[],"class_list":["post-607","page","type-page","status-publish","has-post-thumbnail","hentry"],"_links":{"self":[{"href":"https:\/\/old.nouvelleaquitaine-handball.org\/toutlehand\/wp-json\/wp\/v2\/pages\/607","targetHints":{"allow":["GET"]}}],"collection":[{"href":"https:\/\/old.nouvelleaquitaine-handball.org\/toutlehand\/wp-json\/wp\/v2\/pages"}],"about":[{"href":"https:\/\/old.nouvelleaquitaine-handball.org\/toutlehand\/wp-json\/wp\/v2\/types\/page"}],"author":[{"embeddable":true,"href":"https:\/\/old.nouvelleaquitaine-handball.org\/toutlehand\/wp-json\/wp\/v2\/users\/1"}],"replies":[{"embeddable":true,"href":"https:\/\/old.nouvelleaquitaine-handball.org\/toutlehand\/wp-json\/wp\/v2\/comments?post=607"}],"version-history":[{"count":3,"href":"https:\/\/old.nouvelleaquitaine-handball.org\/toutlehand\/wp-json\/wp\/v2\/pages\/607\/revisions"}],"predecessor-version":[{"id":3024,"href":"https:\/\/old.nouvelleaquitaine-handball.org\/toutlehand\/wp-json\/wp\/v2\/pages\/607\/revisions\/3024"}],"up":[{"embeddable":true,"href":"https:\/\/old.nouvelleaquitaine-handball.org\/toutlehand\/wp-json\/wp\/v2\/pages\/561"}],"wp:featuredmedia":[{"embeddable":true,"href":"https:\/\/old.nouvelleaquitaine-handball.org\/toutlehand\/wp-json\/wp\/v2\/media\/35"}],"wp:attachment":[{"href":"https:\/\/old.nouvelleaquitaine-handball.org\/toutlehand\/wp-json\/wp\/v2\/media?parent=607"}],"wp:term":[{"taxonomy":"folder","embeddable":true,"href":"https:\/\/old.nouvelleaquitaine-handball.org\/toutlehand\/wp-json\/wp\/v2\/folder?post=607"}],"curies":[{"name":"wp","href":"https:\/\/api.w.org\/{rel}","templated":true}]}}