{"id":605,"date":"2021-01-22T14:52:37","date_gmt":"2021-01-22T13:52:37","guid":{"rendered":"http:\/\/nouvelleaquitaine-handball.org\/toutlehand\/?page_id=605"},"modified":"2022-09-08T16:59:16","modified_gmt":"2022-09-08T14:59:16","slug":"660-dirigeants-techniques","status":"publish","type":"page","link":"https:\/\/old.nouvelleaquitaine-handball.org\/toutlehand\/600-roles-et-missions-des-dirigeants\/660-dirigeants-techniques\/","title":{"rendered":"Dirigeants techniques"},"content":{"rendered":"\n<ul class=\"wp-block-list\"><li><a href=\"http:\/\/old.nouvelleaquitaine-handball.org\/toutlehand\/?page_id=761\" data-type=\"URL\" data-id=\"http:\/\/old.nouvelleaquitaine-handball.org\/toutlehand\/?page_id=761\">Correspondant-club<\/a><\/li><li><a href=\"http:\/\/old.nouvelleaquitaine-handball.org\/toutlehand\/?page_id=763\" data-type=\"URL\" data-id=\"http:\/\/old.nouvelleaquitaine-handball.org\/toutlehand\/?page_id=763\">Accompagnateur \u00e9quipe<\/a><\/li><li><a href=\"http:\/\/old.nouvelleaquitaine-handball.org\/toutlehand\/?page_id=765\" data-type=\"URL\" data-id=\"http:\/\/old.nouvelleaquitaine-handball.org\/toutlehand\/?page_id=765\">\u00c9ducateur Entra\u00eeneur<\/a><\/li><li><a href=\"http:\/\/old.nouvelleaquitaine-handball.org\/toutlehand\/?page_id=767\" data-type=\"URL\" data-id=\"http:\/\/old.nouvelleaquitaine-handball.org\/toutlehand\/?page_id=767\">Officiels table de marque<\/a><\/li><li><a href=\"http:\/\/old.nouvelleaquitaine-handball.org\/toutlehand\/?page_id=769\" data-type=\"URL\" data-id=\"http:\/\/old.nouvelleaquitaine-handball.org\/toutlehand\/?page_id=769\">Officiels arbitrage<\/a><\/li><li><a href=\"http:\/\/old.nouvelleaquitaine-handball.org\/toutlehand\/?page_id=771\" data-type=\"URL\" data-id=\"http:\/\/old.nouvelleaquitaine-handball.org\/toutlehand\/?page_id=771\">Conseiller technique<\/a><\/li><\/ul>\n","protected":false},"excerpt":{"rendered":"<p>Correspondant-club Accompagnateur \u00e9quipe \u00c9ducateur Entra\u00eeneur Officiels table de marque Officiels arbitrage Conseiller technique<\/p>\n","protected":false},"author":1,"featured_media":183,"parent":561,"menu_order":0,"comment_status":"closed","ping_status":"closed","template":"","meta":{"_seopress_robots_primary_cat":"","footnotes":""},"folder":[],"class_list":["post-605","page","type-page","status-publish","has-post-thumbnail","hentry"],"_links":{"self":[{"href":"https:\/\/old.nouvelleaquitaine-handball.org\/toutlehand\/wp-json\/wp\/v2\/pages\/605","targetHints":{"allow":["GET"]}}],"collection":[{"href":"https:\/\/old.nouvelleaquitaine-handball.org\/toutlehand\/wp-json\/wp\/v2\/pages"}],"about":[{"href":"https:\/\/old.nouvelleaquitaine-handball.org\/toutlehand\/wp-json\/wp\/v2\/types\/page"}],"author":[{"embeddable":true,"href":"https:\/\/old.nouvelleaquitaine-handball.org\/toutlehand\/wp-json\/wp\/v2\/users\/1"}],"replies":[{"embeddable":true,"href":"https:\/\/old.nouvelleaquitaine-handball.org\/toutlehand\/wp-json\/wp\/v2\/comments?post=605"}],"version-history":[{"count":4,"href":"https:\/\/old.nouvelleaquitaine-handball.org\/toutlehand\/wp-json\/wp\/v2\/pages\/605\/revisions"}],"predecessor-version":[{"id":3514,"href":"https:\/\/old.nouvelleaquitaine-handball.org\/toutlehand\/wp-json\/wp\/v2\/pages\/605\/revisions\/3514"}],"up":[{"embeddable":true,"href":"https:\/\/old.nouvelleaquitaine-handball.org\/toutlehand\/wp-json\/wp\/v2\/pages\/561"}],"wp:featuredmedia":[{"embeddable":true,"href":"https:\/\/old.nouvelleaquitaine-handball.org\/toutlehand\/wp-json\/wp\/v2\/media\/183"}],"wp:attachment":[{"href":"https:\/\/old.nouvelleaquitaine-handball.org\/toutlehand\/wp-json\/wp\/v2\/media?parent=605"}],"wp:term":[{"taxonomy":"folder","embeddable":true,"href":"https:\/\/old.nouvelleaquitaine-handball.org\/toutlehand\/wp-json\/wp\/v2\/folder?post=605"}],"curies":[{"name":"wp","href":"https:\/\/api.w.org\/{rel}","templated":true}]}}