{"id":603,"date":"2021-01-22T14:52:13","date_gmt":"2021-01-22T13:52:13","guid":{"rendered":"http:\/\/nouvelleaquitaine-handball.org\/toutlehand\/?page_id=603"},"modified":"2022-09-08T16:57:30","modified_gmt":"2022-09-08T14:57:30","slug":"650-dirigeants-associatifs","status":"publish","type":"page","link":"https:\/\/old.nouvelleaquitaine-handball.org\/toutlehand\/600-roles-et-missions-des-dirigeants\/650-dirigeants-associatifs\/","title":{"rendered":"Dirigeants associatifs"},"content":{"rendered":"\n<div class=\"wp-block-file\"><a id=\"wp-block-file--media-d2b0f9b3-9c92-4698-9c36-7cf67d9c8bdc\" href=\"https:\/\/old.nouvelleaquitaine-handball.org\/toutlehand\/wp-content\/uploads\/2021\/06\/650.1-Benevole-prepare-ta-releve-Fede-des-Offices-municipaux-des-sports.pdf\">B\u00e9n\u00e9vole, pr\u00e9pare ta rel\u00e8ve! F\u00e9d\u00e9 des Offices municipaux des sports<\/a><a href=\"https:\/\/old.nouvelleaquitaine-handball.org\/toutlehand\/wp-content\/uploads\/2021\/06\/650.1-Benevole-prepare-ta-releve-Fede-des-Offices-municipaux-des-sports.pdf\" class=\"wp-block-file__button\" download aria-describedby=\"wp-block-file--media-d2b0f9b3-9c92-4698-9c36-7cf67d9c8bdc\">T\u00e9l\u00e9charger<\/a><\/div>\n\n\n\n<p><a rel=\"noreferrer noopener\" href=\"https:\/\/www.associations.gouv.fr\/les-centres-de-ressources-et-d-information-des-benevoles-crib.html\" target=\"_blank\">CRIB centre ressources infos b\u00e9n\u00e9voles<\/a><\/p>\n\n\n\n<p><a rel=\"noreferrer noopener\" href=\"https:\/\/www.associations.gouv.fr\/formation-des-benevoles.html\" target=\"_blank\">Formation des b\u00e9n\u00e9voles asso.gouv<\/a><\/p>\n\n\n\n<div class=\"wp-block-file\"><a id=\"wp-block-file--media-5f97d262-1e50-4e8e-bc00-03b5fe17a89e\" href=\"https:\/\/old.nouvelleaquitaine-handball.org\/toutlehand\/wp-content\/uploads\/2021\/06\/650.4-Guide-acteur-polyvalent-Limousin-2016.pdf\">Guide acteur polyvalent Limousin <\/a><a href=\"https:\/\/old.nouvelleaquitaine-handball.org\/toutlehand\/wp-content\/uploads\/2021\/06\/650.4-Guide-acteur-polyvalent-Limousin-2016.pdf\" class=\"wp-block-file__button\" download aria-describedby=\"wp-block-file--media-5f97d262-1e50-4e8e-bc00-03b5fe17a89e\">T\u00e9l\u00e9charger<\/a><\/div>\n","protected":false},"excerpt":{"rendered":"<p>CRIB centre ressources infos b\u00e9n\u00e9voles Formation des b\u00e9n\u00e9voles asso.gouv<\/p>\n","protected":false},"author":1,"featured_media":1828,"parent":561,"menu_order":0,"comment_status":"closed","ping_status":"closed","template":"","meta":{"_seopress_robots_primary_cat":"","footnotes":""},"folder":[],"class_list":["post-603","page","type-page","status-publish","has-post-thumbnail","hentry"],"_links":{"self":[{"href":"https:\/\/old.nouvelleaquitaine-handball.org\/toutlehand\/wp-json\/wp\/v2\/pages\/603","targetHints":{"allow":["GET"]}}],"collection":[{"href":"https:\/\/old.nouvelleaquitaine-handball.org\/toutlehand\/wp-json\/wp\/v2\/pages"}],"about":[{"href":"https:\/\/old.nouvelleaquitaine-handball.org\/toutlehand\/wp-json\/wp\/v2\/types\/page"}],"author":[{"embeddable":true,"href":"https:\/\/old.nouvelleaquitaine-handball.org\/toutlehand\/wp-json\/wp\/v2\/users\/1"}],"replies":[{"embeddable":true,"href":"https:\/\/old.nouvelleaquitaine-handball.org\/toutlehand\/wp-json\/wp\/v2\/comments?post=603"}],"version-history":[{"count":6,"href":"https:\/\/old.nouvelleaquitaine-handball.org\/toutlehand\/wp-json\/wp\/v2\/pages\/603\/revisions"}],"predecessor-version":[{"id":3513,"href":"https:\/\/old.nouvelleaquitaine-handball.org\/toutlehand\/wp-json\/wp\/v2\/pages\/603\/revisions\/3513"}],"up":[{"embeddable":true,"href":"https:\/\/old.nouvelleaquitaine-handball.org\/toutlehand\/wp-json\/wp\/v2\/pages\/561"}],"wp:featuredmedia":[{"embeddable":true,"href":"https:\/\/old.nouvelleaquitaine-handball.org\/toutlehand\/wp-json\/wp\/v2\/media\/1828"}],"wp:attachment":[{"href":"https:\/\/old.nouvelleaquitaine-handball.org\/toutlehand\/wp-json\/wp\/v2\/media?parent=603"}],"wp:term":[{"taxonomy":"folder","embeddable":true,"href":"https:\/\/old.nouvelleaquitaine-handball.org\/toutlehand\/wp-json\/wp\/v2\/folder?post=603"}],"curies":[{"name":"wp","href":"https:\/\/api.w.org\/{rel}","templated":true}]}}