{"id":597,"date":"2021-01-22T14:50:57","date_gmt":"2021-01-22T13:50:57","guid":{"rendered":"http:\/\/nouvelleaquitaine-handball.org\/toutlehand\/?page_id=597"},"modified":"2022-09-08T14:56:21","modified_gmt":"2022-09-08T12:56:21","slug":"620-bureau-directeur","status":"publish","type":"page","link":"https:\/\/old.nouvelleaquitaine-handball.org\/toutlehand\/600-roles-et-missions-des-dirigeants\/620-bureau-directeur\/","title":{"rendered":"Bureau directeur"},"content":{"rendered":"\n<ul class=\"wp-block-list\"><li><a href=\"http:\/\/old.nouvelleaquitaine-handball.org\/toutlehand\/?page_id=740\" data-type=\"URL\" data-id=\"http:\/\/old.nouvelleaquitaine-handball.org\/toutlehand\/?page_id=740\">Le pr\u00e9sident<\/a><\/li><li><a href=\"http:\/\/old.nouvelleaquitaine-handball.org\/toutlehand\/?page_id=742\" data-type=\"URL\" data-id=\"http:\/\/old.nouvelleaquitaine-handball.org\/toutlehand\/?page_id=742\">Le secr\u00e9taire<\/a><\/li><li><a href=\"http:\/\/old.nouvelleaquitaine-handball.org\/toutlehand\/?page_id=744\" data-type=\"URL\" data-id=\"http:\/\/old.nouvelleaquitaine-handball.org\/toutlehand\/?page_id=744\">Le tr\u00e9sorier<\/a><\/li><li><a href=\"http:\/\/old.nouvelleaquitaine-handball.org\/toutlehand\/?page_id=746\" data-type=\"URL\" data-id=\"http:\/\/old.nouvelleaquitaine-handball.org\/toutlehand\/?page_id=746\">R\u00f4les du BD<\/a><\/li><li><a href=\"http:\/\/old.nouvelleaquitaine-handball.org\/toutlehand\/?page_id=748\" data-type=\"URL\" data-id=\"http:\/\/old.nouvelleaquitaine-handball.org\/toutlehand\/?page_id=748\">Outils pour le BD<\/a><\/li><\/ul>\n","protected":false},"excerpt":{"rendered":"<p>Le pr\u00e9sident Le secr\u00e9taire Le tr\u00e9sorier R\u00f4les du BD Outils pour le BD<\/p>\n","protected":false},"author":1,"featured_media":1768,"parent":561,"menu_order":0,"comment_status":"closed","ping_status":"closed","template":"","meta":{"_seopress_robots_primary_cat":"","footnotes":""},"folder":[],"class_list":["post-597","page","type-page","status-publish","has-post-thumbnail","hentry"],"_links":{"self":[{"href":"https:\/\/old.nouvelleaquitaine-handball.org\/toutlehand\/wp-json\/wp\/v2\/pages\/597","targetHints":{"allow":["GET"]}}],"collection":[{"href":"https:\/\/old.nouvelleaquitaine-handball.org\/toutlehand\/wp-json\/wp\/v2\/pages"}],"about":[{"href":"https:\/\/old.nouvelleaquitaine-handball.org\/toutlehand\/wp-json\/wp\/v2\/types\/page"}],"author":[{"embeddable":true,"href":"https:\/\/old.nouvelleaquitaine-handball.org\/toutlehand\/wp-json\/wp\/v2\/users\/1"}],"replies":[{"embeddable":true,"href":"https:\/\/old.nouvelleaquitaine-handball.org\/toutlehand\/wp-json\/wp\/v2\/comments?post=597"}],"version-history":[{"count":5,"href":"https:\/\/old.nouvelleaquitaine-handball.org\/toutlehand\/wp-json\/wp\/v2\/pages\/597\/revisions"}],"predecessor-version":[{"id":3491,"href":"https:\/\/old.nouvelleaquitaine-handball.org\/toutlehand\/wp-json\/wp\/v2\/pages\/597\/revisions\/3491"}],"up":[{"embeddable":true,"href":"https:\/\/old.nouvelleaquitaine-handball.org\/toutlehand\/wp-json\/wp\/v2\/pages\/561"}],"wp:featuredmedia":[{"embeddable":true,"href":"https:\/\/old.nouvelleaquitaine-handball.org\/toutlehand\/wp-json\/wp\/v2\/media\/1768"}],"wp:attachment":[{"href":"https:\/\/old.nouvelleaquitaine-handball.org\/toutlehand\/wp-json\/wp\/v2\/media?parent=597"}],"wp:term":[{"taxonomy":"folder","embeddable":true,"href":"https:\/\/old.nouvelleaquitaine-handball.org\/toutlehand\/wp-json\/wp\/v2\/folder?post=597"}],"curies":[{"name":"wp","href":"https:\/\/api.w.org\/{rel}","templated":true}]}}