{"id":577,"date":"2021-01-22T11:49:58","date_gmt":"2021-01-22T10:49:58","guid":{"rendered":"http:\/\/nouvelleaquitaine-handball.org\/toutlehand\/?page_id=577"},"modified":"2022-09-08T12:13:22","modified_gmt":"2022-09-08T10:13:22","slug":"270-cmcd","status":"publish","type":"page","link":"https:\/\/old.nouvelleaquitaine-handball.org\/toutlehand\/200-competition\/270-cmcd\/","title":{"rendered":"CMCD"},"content":{"rendered":"\n<ul class=\"wp-block-list\"><li><a href=\"https:\/\/old.nouvelleaquitaine-handball.org\/toutlehand\/?page_id=710\">CMCD G\u00e9n\u00e9ralit\u00e9s<\/a><\/li><li><a href=\"https:\/\/old.nouvelleaquitaine-handball.org\/toutlehand\/?page_id=712\">CMCD Nationale<\/a><\/li><li><a href=\"https:\/\/old.nouvelleaquitaine-handball.org\/toutlehand\/?page_id=714\">CMCD Territoriale<\/a><\/li><\/ul>\n","protected":false},"excerpt":{"rendered":"<p>CMCD G\u00e9n\u00e9ralit\u00e9s CMCD Nationale CMCD Territoriale<\/p>\n","protected":false},"author":1,"featured_media":1136,"parent":180,"menu_order":0,"comment_status":"closed","ping_status":"closed","template":"","meta":{"_seopress_robots_primary_cat":"","footnotes":""},"folder":[],"class_list":["post-577","page","type-page","status-publish","has-post-thumbnail","hentry"],"_links":{"self":[{"href":"https:\/\/old.nouvelleaquitaine-handball.org\/toutlehand\/wp-json\/wp\/v2\/pages\/577","targetHints":{"allow":["GET"]}}],"collection":[{"href":"https:\/\/old.nouvelleaquitaine-handball.org\/toutlehand\/wp-json\/wp\/v2\/pages"}],"about":[{"href":"https:\/\/old.nouvelleaquitaine-handball.org\/toutlehand\/wp-json\/wp\/v2\/types\/page"}],"author":[{"embeddable":true,"href":"https:\/\/old.nouvelleaquitaine-handball.org\/toutlehand\/wp-json\/wp\/v2\/users\/1"}],"replies":[{"embeddable":true,"href":"https:\/\/old.nouvelleaquitaine-handball.org\/toutlehand\/wp-json\/wp\/v2\/comments?post=577"}],"version-history":[{"count":4,"href":"https:\/\/old.nouvelleaquitaine-handball.org\/toutlehand\/wp-json\/wp\/v2\/pages\/577\/revisions"}],"predecessor-version":[{"id":3435,"href":"https:\/\/old.nouvelleaquitaine-handball.org\/toutlehand\/wp-json\/wp\/v2\/pages\/577\/revisions\/3435"}],"up":[{"embeddable":true,"href":"https:\/\/old.nouvelleaquitaine-handball.org\/toutlehand\/wp-json\/wp\/v2\/pages\/180"}],"wp:featuredmedia":[{"embeddable":true,"href":"https:\/\/old.nouvelleaquitaine-handball.org\/toutlehand\/wp-json\/wp\/v2\/media\/1136"}],"wp:attachment":[{"href":"https:\/\/old.nouvelleaquitaine-handball.org\/toutlehand\/wp-json\/wp\/v2\/media?parent=577"}],"wp:term":[{"taxonomy":"folder","embeddable":true,"href":"https:\/\/old.nouvelleaquitaine-handball.org\/toutlehand\/wp-json\/wp\/v2\/folder?post=577"}],"curies":[{"name":"wp","href":"https:\/\/api.w.org\/{rel}","templated":true}]}}