{"id":575,"date":"2021-01-22T11:48:55","date_gmt":"2021-01-22T10:48:55","guid":{"rendered":"http:\/\/nouvelleaquitaine-handball.org\/toutlehand\/?page_id=575"},"modified":"2022-10-04T15:09:48","modified_gmt":"2022-10-04T13:09:48","slug":"260-performance-ppf","status":"publish","type":"page","link":"https:\/\/old.nouvelleaquitaine-handball.org\/toutlehand\/200-competition\/260-performance-ppf\/","title":{"rendered":"Performance PPF"},"content":{"rendered":"\n<ul class=\"wp-block-list\"><li><a href=\"https:\/\/old.nouvelleaquitaine-handball.org\/toutlehand\/?page_id=688\">PPF Arbitrage<\/a><\/li><li><a href=\"https:\/\/old.nouvelleaquitaine-handball.org\/toutlehand\/?page_id=690\">PPF Masculin<\/a><\/li><li><a href=\"https:\/\/old.nouvelleaquitaine-handball.org\/toutlehand\/?page_id=692\">PPF F\u00e9minin<\/a><\/li><li><a href=\"https:\/\/old.nouvelleaquitaine-handball.org\/toutlehand\/?page_id=694\" data-type=\"URL\" data-id=\"https:\/\/old.nouvelleaquitaine-handball.org\/toutlehand\/?page_id=694\">IC IL IP( Inter Comit\u00e9s Ligues P\u00f4les )<\/a><\/li><\/ul>\n\n\n\n<p><\/p>\n","protected":false},"excerpt":{"rendered":"<p>PPF Arbitrage PPF Masculin PPF F\u00e9minin IC IL IP( Inter Comit\u00e9s Ligues P\u00f4les )<\/p>\n","protected":false},"author":1,"featured_media":1823,"parent":180,"menu_order":0,"comment_status":"closed","ping_status":"closed","template":"","meta":{"_seopress_robots_primary_cat":"","footnotes":""},"folder":[],"class_list":["post-575","page","type-page","status-publish","has-post-thumbnail","hentry"],"_links":{"self":[{"href":"https:\/\/old.nouvelleaquitaine-handball.org\/toutlehand\/wp-json\/wp\/v2\/pages\/575","targetHints":{"allow":["GET"]}}],"collection":[{"href":"https:\/\/old.nouvelleaquitaine-handball.org\/toutlehand\/wp-json\/wp\/v2\/pages"}],"about":[{"href":"https:\/\/old.nouvelleaquitaine-handball.org\/toutlehand\/wp-json\/wp\/v2\/types\/page"}],"author":[{"embeddable":true,"href":"https:\/\/old.nouvelleaquitaine-handball.org\/toutlehand\/wp-json\/wp\/v2\/users\/1"}],"replies":[{"embeddable":true,"href":"https:\/\/old.nouvelleaquitaine-handball.org\/toutlehand\/wp-json\/wp\/v2\/comments?post=575"}],"version-history":[{"count":6,"href":"https:\/\/old.nouvelleaquitaine-handball.org\/toutlehand\/wp-json\/wp\/v2\/pages\/575\/revisions"}],"predecessor-version":[{"id":3674,"href":"https:\/\/old.nouvelleaquitaine-handball.org\/toutlehand\/wp-json\/wp\/v2\/pages\/575\/revisions\/3674"}],"up":[{"embeddable":true,"href":"https:\/\/old.nouvelleaquitaine-handball.org\/toutlehand\/wp-json\/wp\/v2\/pages\/180"}],"wp:featuredmedia":[{"embeddable":true,"href":"https:\/\/old.nouvelleaquitaine-handball.org\/toutlehand\/wp-json\/wp\/v2\/media\/1823"}],"wp:attachment":[{"href":"https:\/\/old.nouvelleaquitaine-handball.org\/toutlehand\/wp-json\/wp\/v2\/media?parent=575"}],"wp:term":[{"taxonomy":"folder","embeddable":true,"href":"https:\/\/old.nouvelleaquitaine-handball.org\/toutlehand\/wp-json\/wp\/v2\/folder?post=575"}],"curies":[{"name":"wp","href":"https:\/\/api.w.org\/{rel}","templated":true}]}}