{"id":565,"date":"2021-01-22T11:39:00","date_gmt":"2021-01-22T10:39:00","guid":{"rendered":"http:\/\/nouvelleaquitaine-handball.org\/toutlehand\/?page_id=565"},"modified":"2022-09-08T10:44:20","modified_gmt":"2022-09-08T08:44:20","slug":"210-reglements-et-instances","status":"publish","type":"page","link":"https:\/\/old.nouvelleaquitaine-handball.org\/toutlehand\/200-competition\/210-reglements-et-instances\/","title":{"rendered":"R\u00e8glements et instances"},"content":{"rendered":"\n<ul class=\"wp-block-list\"><li><a href=\"https:\/\/old.nouvelleaquitaine-handball.org\/toutlehand\/?page_id=628\">R\u00e8glements f\u00e9d\u00e9raux<\/a><\/li><li><a href=\"https:\/\/old.nouvelleaquitaine-handball.org\/toutlehand\/?page_id=630\">R\u00e8glements territoriaux<\/a><\/li><li><a href=\"https:\/\/old.nouvelleaquitaine-handball.org\/toutlehand\/?page_id=632\">Instances f\u00e9d\u00e9rales<\/a><\/li><li><a href=\"https:\/\/old.nouvelleaquitaine-handball.org\/toutlehand\/?page_id=634\">Instances territoriales<\/a><\/li><li><a href=\"https:\/\/old.nouvelleaquitaine-handball.org\/toutlehand\/wp-admin\/post.php?post=636&amp;action=edit\">Cat\u00e9gories d&#8217;\u00e2ge<\/a><\/li><li><a href=\"http:\/\/nouvelleaquitaine-handball.org\/toutlehand\/?page_id=638\">Calendriers<\/a><\/li><li><a href=\"https:\/\/old.nouvelleaquitaine-handball.org\/toutlehand\/?page_id=640\" data-type=\"URL\" data-id=\"https:\/\/old.nouvelleaquitaine-handball.org\/toutlehand\/?page_id=640\">Engagement d\u2019\u00e9quipes<\/a><\/li><li><a href=\"http:\/\/nouvelleaquitaine-handball.org\/toutlehand\/?page_id=643\">Am\u00e9nagement des r\u00e8gles( jeunes )<\/a><\/li><\/ul>\n\n\n\n<p><\/p>\n","protected":false},"excerpt":{"rendered":"<p>R\u00e8glements f\u00e9d\u00e9raux R\u00e8glements territoriaux Instances f\u00e9d\u00e9rales Instances territoriales Cat\u00e9gories d&#8217;\u00e2ge Calendriers Engagement d\u2019\u00e9quipes Am\u00e9nagement des r\u00e8gles( jeunes )<\/p>\n","protected":false},"author":1,"featured_media":2137,"parent":180,"menu_order":0,"comment_status":"closed","ping_status":"closed","template":"","meta":{"_seopress_robots_primary_cat":"","footnotes":""},"folder":[],"class_list":["post-565","page","type-page","status-publish","has-post-thumbnail","hentry"],"_links":{"self":[{"href":"https:\/\/old.nouvelleaquitaine-handball.org\/toutlehand\/wp-json\/wp\/v2\/pages\/565","targetHints":{"allow":["GET"]}}],"collection":[{"href":"https:\/\/old.nouvelleaquitaine-handball.org\/toutlehand\/wp-json\/wp\/v2\/pages"}],"about":[{"href":"https:\/\/old.nouvelleaquitaine-handball.org\/toutlehand\/wp-json\/wp\/v2\/types\/page"}],"author":[{"embeddable":true,"href":"https:\/\/old.nouvelleaquitaine-handball.org\/toutlehand\/wp-json\/wp\/v2\/users\/1"}],"replies":[{"embeddable":true,"href":"https:\/\/old.nouvelleaquitaine-handball.org\/toutlehand\/wp-json\/wp\/v2\/comments?post=565"}],"version-history":[{"count":4,"href":"https:\/\/old.nouvelleaquitaine-handball.org\/toutlehand\/wp-json\/wp\/v2\/pages\/565\/revisions"}],"predecessor-version":[{"id":3401,"href":"https:\/\/old.nouvelleaquitaine-handball.org\/toutlehand\/wp-json\/wp\/v2\/pages\/565\/revisions\/3401"}],"up":[{"embeddable":true,"href":"https:\/\/old.nouvelleaquitaine-handball.org\/toutlehand\/wp-json\/wp\/v2\/pages\/180"}],"wp:featuredmedia":[{"embeddable":true,"href":"https:\/\/old.nouvelleaquitaine-handball.org\/toutlehand\/wp-json\/wp\/v2\/media\/2137"}],"wp:attachment":[{"href":"https:\/\/old.nouvelleaquitaine-handball.org\/toutlehand\/wp-json\/wp\/v2\/media?parent=565"}],"wp:term":[{"taxonomy":"folder","embeddable":true,"href":"https:\/\/old.nouvelleaquitaine-handball.org\/toutlehand\/wp-json\/wp\/v2\/folder?post=565"}],"curies":[{"name":"wp","href":"https:\/\/api.w.org\/{rel}","templated":true}]}}