{"id":502,"date":"2021-01-21T16:33:04","date_gmt":"2021-01-21T15:33:04","guid":{"rendered":"http:\/\/nouvelleaquitaine-handball.org\/toutlehand\/?page_id=502"},"modified":"2022-09-07T16:53:39","modified_gmt":"2022-09-07T14:53:39","slug":"164-deduction-frais-deplacement","status":"publish","type":"page","link":"https:\/\/old.nouvelleaquitaine-handball.org\/toutlehand\/100-outils-docs-administratifs\/160-finances-et-comptabilite\/164-deduction-frais-deplacement\/","title":{"rendered":"D\u00e9duction Frais d\u00e9placement"},"content":{"rendered":"\n<p><a href=\"https:\/\/old.nouvelleaquitaine-handball.org\/toutlehand\/?p=1052\" data-type=\"URL\" data-id=\"https:\/\/old.nouvelleaquitaine-handball.org\/toutlehand\/?p=1052\" target=\"_blank\" rel=\"noreferrer noopener\">Feuille de frais d\u00e9placements b\u00e9n\u00e9vole<\/a><\/p>\n\n\n\n<p><a href=\"https:\/\/old.nouvelleaquitaine-handball.org\/toutlehand\/?p=1055\" data-type=\"URL\" data-id=\"https:\/\/old.nouvelleaquitaine-handball.org\/toutlehand\/?p=1055\" target=\"_blank\" rel=\"noreferrer noopener\">Fiche pratique frais des b\u00e9n\u00e9voles<\/a><\/p>\n","protected":false},"excerpt":{"rendered":"<p>Feuille de frais d\u00e9placements b\u00e9n\u00e9vole Fiche pratique frais des b\u00e9n\u00e9voles<\/p>\n","protected":false},"author":1,"featured_media":1757,"parent":251,"menu_order":0,"comment_status":"closed","ping_status":"closed","template":"","meta":{"_seopress_robots_primary_cat":"","footnotes":""},"folder":[],"class_list":["post-502","page","type-page","status-publish","has-post-thumbnail","hentry"],"_links":{"self":[{"href":"https:\/\/old.nouvelleaquitaine-handball.org\/toutlehand\/wp-json\/wp\/v2\/pages\/502","targetHints":{"allow":["GET"]}}],"collection":[{"href":"https:\/\/old.nouvelleaquitaine-handball.org\/toutlehand\/wp-json\/wp\/v2\/pages"}],"about":[{"href":"https:\/\/old.nouvelleaquitaine-handball.org\/toutlehand\/wp-json\/wp\/v2\/types\/page"}],"author":[{"embeddable":true,"href":"https:\/\/old.nouvelleaquitaine-handball.org\/toutlehand\/wp-json\/wp\/v2\/users\/1"}],"replies":[{"embeddable":true,"href":"https:\/\/old.nouvelleaquitaine-handball.org\/toutlehand\/wp-json\/wp\/v2\/comments?post=502"}],"version-history":[{"count":5,"href":"https:\/\/old.nouvelleaquitaine-handball.org\/toutlehand\/wp-json\/wp\/v2\/pages\/502\/revisions"}],"predecessor-version":[{"id":3372,"href":"https:\/\/old.nouvelleaquitaine-handball.org\/toutlehand\/wp-json\/wp\/v2\/pages\/502\/revisions\/3372"}],"up":[{"embeddable":true,"href":"https:\/\/old.nouvelleaquitaine-handball.org\/toutlehand\/wp-json\/wp\/v2\/pages\/251"}],"wp:featuredmedia":[{"embeddable":true,"href":"https:\/\/old.nouvelleaquitaine-handball.org\/toutlehand\/wp-json\/wp\/v2\/media\/1757"}],"wp:attachment":[{"href":"https:\/\/old.nouvelleaquitaine-handball.org\/toutlehand\/wp-json\/wp\/v2\/media?parent=502"}],"wp:term":[{"taxonomy":"folder","embeddable":true,"href":"https:\/\/old.nouvelleaquitaine-handball.org\/toutlehand\/wp-json\/wp\/v2\/folder?post=502"}],"curies":[{"name":"wp","href":"https:\/\/api.w.org\/{rel}","templated":true}]}}