{"id":500,"date":"2021-01-21T16:32:21","date_gmt":"2021-01-21T15:32:21","guid":{"rendered":"http:\/\/nouvelleaquitaine-handball.org\/toutlehand\/?page_id=500"},"modified":"2022-09-07T16:48:26","modified_gmt":"2022-09-07T14:48:26","slug":"163-dons-et-fiscalite","status":"publish","type":"page","link":"https:\/\/old.nouvelleaquitaine-handball.org\/toutlehand\/100-outils-docs-administratifs\/160-finances-et-comptabilite\/163-dons-et-fiscalite\/","title":{"rendered":"Dons et fiscalit\u00e9"},"content":{"rendered":"\n<p><a href=\"https:\/\/old.nouvelleaquitaine-handball.org\/toutlehand\/?p=1046\" data-type=\"URL\" data-id=\"https:\/\/old.nouvelleaquitaine-handball.org\/toutlehand\/?p=1046\" target=\"_blank\" rel=\"noreferrer noopener\">Cerfa 11580 Re\u00e7u &#8211; Dons organisme int\u00e9r\u00eat g\u00e9n\u00e9ral<\/a><\/p>\n\n\n\n<p><a href=\"https:\/\/old.nouvelleaquitaine-handball.org\/toutlehand\/?p=1050\" data-type=\"URL\" data-id=\"https:\/\/old.nouvelleaquitaine-handball.org\/toutlehand\/?p=1050\" target=\"_blank\" rel=\"noreferrer noopener\">Explicatif du recu<\/a><\/p>\n\n\n\n<p><\/p>\n","protected":false},"excerpt":{"rendered":"<p>Cerfa 11580 Re\u00e7u &#8211; Dons organisme int\u00e9r\u00eat g\u00e9n\u00e9ral Explicatif du recu<\/p>\n","protected":false},"author":1,"featured_media":1754,"parent":251,"menu_order":0,"comment_status":"closed","ping_status":"closed","template":"","meta":{"_seopress_robots_primary_cat":"","footnotes":""},"folder":[],"class_list":["post-500","page","type-page","status-publish","has-post-thumbnail","hentry"],"_links":{"self":[{"href":"https:\/\/old.nouvelleaquitaine-handball.org\/toutlehand\/wp-json\/wp\/v2\/pages\/500","targetHints":{"allow":["GET"]}}],"collection":[{"href":"https:\/\/old.nouvelleaquitaine-handball.org\/toutlehand\/wp-json\/wp\/v2\/pages"}],"about":[{"href":"https:\/\/old.nouvelleaquitaine-handball.org\/toutlehand\/wp-json\/wp\/v2\/types\/page"}],"author":[{"embeddable":true,"href":"https:\/\/old.nouvelleaquitaine-handball.org\/toutlehand\/wp-json\/wp\/v2\/users\/1"}],"replies":[{"embeddable":true,"href":"https:\/\/old.nouvelleaquitaine-handball.org\/toutlehand\/wp-json\/wp\/v2\/comments?post=500"}],"version-history":[{"count":7,"href":"https:\/\/old.nouvelleaquitaine-handball.org\/toutlehand\/wp-json\/wp\/v2\/pages\/500\/revisions"}],"predecessor-version":[{"id":3365,"href":"https:\/\/old.nouvelleaquitaine-handball.org\/toutlehand\/wp-json\/wp\/v2\/pages\/500\/revisions\/3365"}],"up":[{"embeddable":true,"href":"https:\/\/old.nouvelleaquitaine-handball.org\/toutlehand\/wp-json\/wp\/v2\/pages\/251"}],"wp:featuredmedia":[{"embeddable":true,"href":"https:\/\/old.nouvelleaquitaine-handball.org\/toutlehand\/wp-json\/wp\/v2\/media\/1754"}],"wp:attachment":[{"href":"https:\/\/old.nouvelleaquitaine-handball.org\/toutlehand\/wp-json\/wp\/v2\/media?parent=500"}],"wp:term":[{"taxonomy":"folder","embeddable":true,"href":"https:\/\/old.nouvelleaquitaine-handball.org\/toutlehand\/wp-json\/wp\/v2\/folder?post=500"}],"curies":[{"name":"wp","href":"https:\/\/api.w.org\/{rel}","templated":true}]}}