{"id":492,"date":"2021-01-21T16:08:44","date_gmt":"2021-01-21T15:08:44","guid":{"rendered":"http:\/\/nouvelleaquitaine-handball.org\/toutlehand\/?page_id=492"},"modified":"2023-01-19T15:01:44","modified_gmt":"2023-01-19T14:01:44","slug":"151-evenements","status":"publish","type":"page","link":"https:\/\/old.nouvelleaquitaine-handball.org\/toutlehand\/100-outils-docs-administratifs\/150-evenements-matchs-amicaux\/151-evenements\/","title":{"rendered":"Ev\u00e9nements"},"content":{"rendered":"\n<p><a href=\"https:\/\/old.nouvelleaquitaine-handball.org\/toutlehand\/wp-content\/uploads\/2023\/01\/TUTO-creation-evenement-19_01_23-1.pdf\">Proc\u00e9dure cr\u00e9ation \u00e9v\u00e8nements-Gesthand<\/a><\/p>\n\n\n\n<p><a href=\"https:\/\/old.nouvelleaquitaine-handball.org\/toutlehand\/?p=990\" data-type=\"URL\" data-id=\"https:\/\/old.nouvelleaquitaine-handball.org\/toutlehand\/?p=990\" target=\"_blank\" rel=\"noreferrer noopener\">Formulaire LFH_LNH de cr\u00e9ation d&#8217;\u00e9v\u00e8nement ou match amical<\/a><\/p>\n\n\n\n<p><a href=\"https:\/\/old.nouvelleaquitaine-handball.org\/toutlehand\/?p=995\" data-type=\"URL\" data-id=\"https:\/\/old.nouvelleaquitaine-handball.org\/toutlehand\/?p=995\" target=\"_blank\" rel=\"noreferrer noopener\">Mod\u00e8le export licences \u00e9v\u00e8nementielles<\/a><\/p>\n\n\n\n<p><a href=\"https:\/\/old.nouvelleaquitaine-handball.org\/toutlehand\/?p=1000\" data-type=\"URL\" data-id=\"https:\/\/old.nouvelleaquitaine-handball.org\/toutlehand\/?p=1000\" target=\"_blank\" rel=\"noreferrer noopener\">D\u00e9claration SACEM (droits musique)<\/a><\/p>\n\n\n\n<p><a href=\"https:\/\/old.nouvelleaquitaine-handball.org\/toutlehand\/?p=1005\" data-type=\"URL\" data-id=\"https:\/\/old.nouvelleaquitaine-handball.org\/toutlehand\/?p=1005\" target=\"_blank\" rel=\"noreferrer noopener\">D\u00e9bit de boissons<\/a><\/p>\n\n\n\n<p><a href=\"https:\/\/old.nouvelleaquitaine-handball.org\/toutlehand\/?p=1008\" data-type=\"URL\" data-id=\"https:\/\/old.nouvelleaquitaine-handball.org\/toutlehand\/?p=1008\" target=\"_blank\" rel=\"noreferrer noopener\">Pr\u00eat de mat\u00e9riel<\/a><\/p>\n","protected":false},"excerpt":{"rendered":"<p>Proc\u00e9dure cr\u00e9ation \u00e9v\u00e8nements-Gesthand Formulaire LFH_LNH de cr\u00e9ation d&#8217;\u00e9v\u00e8nement ou match amical Mod\u00e8le export licences \u00e9v\u00e8nementielles D\u00e9claration SACEM (droits musique) D\u00e9bit de boissons Pr\u00eat de mat\u00e9riel<\/p>\n","protected":false},"author":1,"featured_media":0,"parent":249,"menu_order":0,"comment_status":"closed","ping_status":"closed","template":"","meta":{"_seopress_robots_primary_cat":"","footnotes":""},"folder":[],"class_list":["post-492","page","type-page","status-publish","hentry"],"_links":{"self":[{"href":"https:\/\/old.nouvelleaquitaine-handball.org\/toutlehand\/wp-json\/wp\/v2\/pages\/492","targetHints":{"allow":["GET"]}}],"collection":[{"href":"https:\/\/old.nouvelleaquitaine-handball.org\/toutlehand\/wp-json\/wp\/v2\/pages"}],"about":[{"href":"https:\/\/old.nouvelleaquitaine-handball.org\/toutlehand\/wp-json\/wp\/v2\/types\/page"}],"author":[{"embeddable":true,"href":"https:\/\/old.nouvelleaquitaine-handball.org\/toutlehand\/wp-json\/wp\/v2\/users\/1"}],"replies":[{"embeddable":true,"href":"https:\/\/old.nouvelleaquitaine-handball.org\/toutlehand\/wp-json\/wp\/v2\/comments?post=492"}],"version-history":[{"count":13,"href":"https:\/\/old.nouvelleaquitaine-handball.org\/toutlehand\/wp-json\/wp\/v2\/pages\/492\/revisions"}],"predecessor-version":[{"id":3764,"href":"https:\/\/old.nouvelleaquitaine-handball.org\/toutlehand\/wp-json\/wp\/v2\/pages\/492\/revisions\/3764"}],"up":[{"embeddable":true,"href":"https:\/\/old.nouvelleaquitaine-handball.org\/toutlehand\/wp-json\/wp\/v2\/pages\/249"}],"wp:attachment":[{"href":"https:\/\/old.nouvelleaquitaine-handball.org\/toutlehand\/wp-json\/wp\/v2\/media?parent=492"}],"wp:term":[{"taxonomy":"folder","embeddable":true,"href":"https:\/\/old.nouvelleaquitaine-handball.org\/toutlehand\/wp-json\/wp\/v2\/folder?post=492"}],"curies":[{"name":"wp","href":"https:\/\/api.w.org\/{rel}","templated":true}]}}