{"id":257,"date":"2020-10-05T20:00:42","date_gmt":"2020-10-05T18:00:42","guid":{"rendered":"http:\/\/nouvelleaquitaine-handball.org\/toutlehand\/?page_id=257"},"modified":"2022-09-08T10:30:42","modified_gmt":"2022-09-08T08:30:42","slug":"190-outils-et-tutoriels","status":"publish","type":"page","link":"https:\/\/old.nouvelleaquitaine-handball.org\/toutlehand\/100-outils-docs-administratifs\/190-outils-et-tutoriels\/","title":{"rendered":"Outils digitaux"},"content":{"rendered":"\n<ul class=\"wp-block-list\"><li><a href=\"https:\/\/old.nouvelleaquitaine-handball.org\/toutlehand\/?page_id=518\">Zoom Visioconf\u00e9rence<\/a><\/li><li><a href=\"https:\/\/old.nouvelleaquitaine-handball.org\/toutlehand\/?page_id=520\">Teams Visioconf\u00e9rence<\/a><\/li><li><a href=\"https:\/\/old.nouvelleaquitaine-handball.org\/toutlehand\/?page_id=522\">Forms Questionnaire<\/a><\/li><li><a href=\"https:\/\/old.nouvelleaquitaine-handball.org\/toutlehand\/?page_id=524\">One Drive Stockage<\/a><\/li><li><a href=\"https:\/\/old.nouvelleaquitaine-handball.org\/toutlehand\/?page_id=526\">Planner<\/a><\/li><li><a href=\"https:\/\/old.nouvelleaquitaine-handball.org\/toutlehand\/?page_id=528\">Campus des handballeurs<\/a><\/li><li><a href=\"https:\/\/old.nouvelleaquitaine-handball.org\/toutlehand\/197-infos-reseaux-et-outils-ffhb\/\">infos r\u00e9seaux et outils FFHB<\/a><\/li><\/ul>\n\n\n\n<p><\/p>\n","protected":false},"excerpt":{"rendered":"<p>Zoom Visioconf\u00e9rence Teams Visioconf\u00e9rence Forms Questionnaire One Drive Stockage Planner Campus des handballeurs infos r\u00e9seaux et outils FFHB<\/p>\n","protected":false},"author":1,"featured_media":1173,"parent":177,"menu_order":0,"comment_status":"closed","ping_status":"closed","template":"","meta":{"_seopress_robots_primary_cat":"","footnotes":""},"folder":[],"class_list":["post-257","page","type-page","status-publish","has-post-thumbnail","hentry"],"_links":{"self":[{"href":"https:\/\/old.nouvelleaquitaine-handball.org\/toutlehand\/wp-json\/wp\/v2\/pages\/257","targetHints":{"allow":["GET"]}}],"collection":[{"href":"https:\/\/old.nouvelleaquitaine-handball.org\/toutlehand\/wp-json\/wp\/v2\/pages"}],"about":[{"href":"https:\/\/old.nouvelleaquitaine-handball.org\/toutlehand\/wp-json\/wp\/v2\/types\/page"}],"author":[{"embeddable":true,"href":"https:\/\/old.nouvelleaquitaine-handball.org\/toutlehand\/wp-json\/wp\/v2\/users\/1"}],"replies":[{"embeddable":true,"href":"https:\/\/old.nouvelleaquitaine-handball.org\/toutlehand\/wp-json\/wp\/v2\/comments?post=257"}],"version-history":[{"count":18,"href":"https:\/\/old.nouvelleaquitaine-handball.org\/toutlehand\/wp-json\/wp\/v2\/pages\/257\/revisions"}],"predecessor-version":[{"id":3392,"href":"https:\/\/old.nouvelleaquitaine-handball.org\/toutlehand\/wp-json\/wp\/v2\/pages\/257\/revisions\/3392"}],"up":[{"embeddable":true,"href":"https:\/\/old.nouvelleaquitaine-handball.org\/toutlehand\/wp-json\/wp\/v2\/pages\/177"}],"wp:featuredmedia":[{"embeddable":true,"href":"https:\/\/old.nouvelleaquitaine-handball.org\/toutlehand\/wp-json\/wp\/v2\/media\/1173"}],"wp:attachment":[{"href":"https:\/\/old.nouvelleaquitaine-handball.org\/toutlehand\/wp-json\/wp\/v2\/media?parent=257"}],"wp:term":[{"taxonomy":"folder","embeddable":true,"href":"https:\/\/old.nouvelleaquitaine-handball.org\/toutlehand\/wp-json\/wp\/v2\/folder?post=257"}],"curies":[{"name":"wp","href":"https:\/\/api.w.org\/{rel}","templated":true}]}}