{"id":255,"date":"2020-10-05T20:00:32","date_gmt":"2020-10-05T18:00:32","guid":{"rendered":"http:\/\/nouvelleaquitaine-handball.org\/toutlehand\/?page_id=255"},"modified":"2022-09-08T10:25:50","modified_gmt":"2022-09-08T08:25:50","slug":"180-mail-standardise-ffhb","status":"publish","type":"page","link":"https:\/\/old.nouvelleaquitaine-handball.org\/toutlehand\/100-outils-docs-administratifs\/180-mail-standardise-ffhb\/","title":{"rendered":"M\u00e9l f\u00e9d\u00e9ral @ffhandball.net"},"content":{"rendered":"\n<p><a href=\"https:\/\/old.nouvelleaquitaine-handball.org\/toutlehand\/wp-content\/uploads\/2022\/07\/Tuto-OFFICE-365-Adresse-Federale-V120722.pdf\" data-type=\"URL\" data-id=\"https:\/\/old.nouvelleaquitaine-handball.org\/toutlehand\/wp-content\/uploads\/2022\/07\/Tuto-OFFICE-365-Adresse-Federale-V120722.pdf\">Guide adresse f\u00e9d\u00e9rale<\/a><\/p>\n","protected":false},"excerpt":{"rendered":"<p>Guide adresse f\u00e9d\u00e9rale<\/p>\n","protected":false},"author":1,"featured_media":1765,"parent":177,"menu_order":0,"comment_status":"closed","ping_status":"closed","template":"","meta":{"_seopress_robots_primary_cat":"","footnotes":""},"folder":[],"class_list":["post-255","page","type-page","status-publish","has-post-thumbnail","hentry"],"_links":{"self":[{"href":"https:\/\/old.nouvelleaquitaine-handball.org\/toutlehand\/wp-json\/wp\/v2\/pages\/255","targetHints":{"allow":["GET"]}}],"collection":[{"href":"https:\/\/old.nouvelleaquitaine-handball.org\/toutlehand\/wp-json\/wp\/v2\/pages"}],"about":[{"href":"https:\/\/old.nouvelleaquitaine-handball.org\/toutlehand\/wp-json\/wp\/v2\/types\/page"}],"author":[{"embeddable":true,"href":"https:\/\/old.nouvelleaquitaine-handball.org\/toutlehand\/wp-json\/wp\/v2\/users\/1"}],"replies":[{"embeddable":true,"href":"https:\/\/old.nouvelleaquitaine-handball.org\/toutlehand\/wp-json\/wp\/v2\/comments?post=255"}],"version-history":[{"count":11,"href":"https:\/\/old.nouvelleaquitaine-handball.org\/toutlehand\/wp-json\/wp\/v2\/pages\/255\/revisions"}],"predecessor-version":[{"id":3390,"href":"https:\/\/old.nouvelleaquitaine-handball.org\/toutlehand\/wp-json\/wp\/v2\/pages\/255\/revisions\/3390"}],"up":[{"embeddable":true,"href":"https:\/\/old.nouvelleaquitaine-handball.org\/toutlehand\/wp-json\/wp\/v2\/pages\/177"}],"wp:featuredmedia":[{"embeddable":true,"href":"https:\/\/old.nouvelleaquitaine-handball.org\/toutlehand\/wp-json\/wp\/v2\/media\/1765"}],"wp:attachment":[{"href":"https:\/\/old.nouvelleaquitaine-handball.org\/toutlehand\/wp-json\/wp\/v2\/media?parent=255"}],"wp:term":[{"taxonomy":"folder","embeddable":true,"href":"https:\/\/old.nouvelleaquitaine-handball.org\/toutlehand\/wp-json\/wp\/v2\/folder?post=255"}],"curies":[{"name":"wp","href":"https:\/\/api.w.org\/{rel}","templated":true}]}}