{"id":251,"date":"2020-10-05T19:59:31","date_gmt":"2020-10-05T17:59:31","guid":{"rendered":"http:\/\/nouvelleaquitaine-handball.org\/toutlehand\/?page_id=251"},"modified":"2022-09-09T10:59:24","modified_gmt":"2022-09-09T08:59:24","slug":"160-finances-et-comptabilite","status":"publish","type":"page","link":"https:\/\/old.nouvelleaquitaine-handball.org\/toutlehand\/100-outils-docs-administratifs\/160-finances-et-comptabilite\/","title":{"rendered":"Finances et comptabilit\u00e9"},"content":{"rendered":"\n<ul class=\"wp-block-list\"><li><a href=\"https:\/\/old.nouvelleaquitaine-handball.org\/toutlehand\/?page_id=496\">Tarifs f\u00e9d\u00e9raux et Ligue<\/a><\/li><li><a href=\"https:\/\/old.nouvelleaquitaine-handball.org\/toutlehand\/?page_id=498\">Gestion comptable<\/a><\/li><li><a href=\"https:\/\/old.nouvelleaquitaine-handball.org\/toutlehand\/?page_id=500\">Dons et fiscalit\u00e9<\/a><\/li><li><a href=\"https:\/\/old.nouvelleaquitaine-handball.org\/toutlehand\/100-outils-docs-administratifs\/160-finances-et-comptabilite\/164-deduction-frais-deplacement\/\">D\u00e9duction Frais d\u00e9placement<\/a><\/li><li><a href=\"https:\/\/old.nouvelleaquitaine-handball.org\/toutlehand\/100-outils-docs-administratifs\/160-finances-et-comptabilite\/165-enregistrement-siret\/\">Enregistrement SIRET<\/a><\/li><\/ul>\n\n\n\n<p><\/p>\n","protected":false},"excerpt":{"rendered":"<p>Tarifs f\u00e9d\u00e9raux et Ligue Gestion comptable Dons et fiscalit\u00e9 D\u00e9duction Frais d\u00e9placement Enregistrement SIRET<\/p>\n","protected":false},"author":1,"featured_media":1745,"parent":177,"menu_order":0,"comment_status":"closed","ping_status":"closed","template":"","meta":{"_seopress_robots_primary_cat":"","footnotes":""},"folder":[],"class_list":["post-251","page","type-page","status-publish","has-post-thumbnail","hentry"],"_links":{"self":[{"href":"https:\/\/old.nouvelleaquitaine-handball.org\/toutlehand\/wp-json\/wp\/v2\/pages\/251","targetHints":{"allow":["GET"]}}],"collection":[{"href":"https:\/\/old.nouvelleaquitaine-handball.org\/toutlehand\/wp-json\/wp\/v2\/pages"}],"about":[{"href":"https:\/\/old.nouvelleaquitaine-handball.org\/toutlehand\/wp-json\/wp\/v2\/types\/page"}],"author":[{"embeddable":true,"href":"https:\/\/old.nouvelleaquitaine-handball.org\/toutlehand\/wp-json\/wp\/v2\/users\/1"}],"replies":[{"embeddable":true,"href":"https:\/\/old.nouvelleaquitaine-handball.org\/toutlehand\/wp-json\/wp\/v2\/comments?post=251"}],"version-history":[{"count":6,"href":"https:\/\/old.nouvelleaquitaine-handball.org\/toutlehand\/wp-json\/wp\/v2\/pages\/251\/revisions"}],"predecessor-version":[{"id":3575,"href":"https:\/\/old.nouvelleaquitaine-handball.org\/toutlehand\/wp-json\/wp\/v2\/pages\/251\/revisions\/3575"}],"up":[{"embeddable":true,"href":"https:\/\/old.nouvelleaquitaine-handball.org\/toutlehand\/wp-json\/wp\/v2\/pages\/177"}],"wp:featuredmedia":[{"embeddable":true,"href":"https:\/\/old.nouvelleaquitaine-handball.org\/toutlehand\/wp-json\/wp\/v2\/media\/1745"}],"wp:attachment":[{"href":"https:\/\/old.nouvelleaquitaine-handball.org\/toutlehand\/wp-json\/wp\/v2\/media?parent=251"}],"wp:term":[{"taxonomy":"folder","embeddable":true,"href":"https:\/\/old.nouvelleaquitaine-handball.org\/toutlehand\/wp-json\/wp\/v2\/folder?post=251"}],"curies":[{"name":"wp","href":"https:\/\/api.w.org\/{rel}","templated":true}]}}