{"id":2286,"date":"2021-07-27T11:33:42","date_gmt":"2021-07-27T09:33:42","guid":{"rendered":"https:\/\/nouvelleaquitaine-handball.org\/toutlehand\/?page_id=2286"},"modified":"2022-09-08T14:25:50","modified_gmt":"2022-09-08T12:25:50","slug":"480-evenementiel-club","status":"publish","type":"page","link":"https:\/\/old.nouvelleaquitaine-handball.org\/toutlehand\/480-evenementiel-club\/","title":{"rendered":"EVENEMENTIEL CLUB"},"content":{"rendered":"\n<p><a href=\"http:\/\/old.nouvelleaquitaine-handball.org\/toutlehand\/wp-content\/uploads\/2021\/09\/481-x-151.6.1-Demande-de-pret-de-materiel.pdf\" data-type=\"URL\" data-id=\"http:\/\/old.nouvelleaquitaine-handball.org\/toutlehand\/wp-content\/uploads\/2021\/09\/481-x-151.6.1-Demande-de-pret-de-materiel.pdf\">Demande de pr\u00eat de mat\u00e9riel<\/a><\/p>\n\n\n\n<p><a href=\"http:\/\/old.nouvelleaquitaine-handball.org\/toutlehand\/wp-content\/uploads\/2021\/09\/482-x-151.1.1-TUTO-creation-evenement-Gesthand.pdf\" data-type=\"URL\" data-id=\"http:\/\/old.nouvelleaquitaine-handball.org\/toutlehand\/wp-content\/uploads\/2021\/09\/482-x-151.1.1-TUTO-creation-evenement-Gesthand.pdf\">Tuto cr\u00e9ation \u00e9v\u00e8nement Gesthand<\/a><\/p>\n\n\n\n<p><a href=\"https:\/\/old.nouvelleaquitaine-handball.org\/toutlehand\/wp-content\/uploads\/2021\/09\/483-Fiche-de-pret-materiel-Ligue-Siege-Merignac.pdf\" data-type=\"URL\" data-id=\"https:\/\/old.nouvelleaquitaine-handball.org\/toutlehand\/wp-content\/uploads\/2021\/09\/483-Fiche-de-pret-materiel-Ligue-Siege-Merignac.pdf\">Fiche de pr\u00eat de mat\u00e9riel Ligue Si\u00e8ge M\u00e9rignac<\/a><\/p>\n\n\n\n<p><a href=\"http:\/\/old.nouvelleaquitaine-handball.org\/toutlehand\/wp-content\/uploads\/2021\/09\/484-Repondre-a-un-AAP-Fiche-pratique-1.pdf\" data-type=\"URL\" data-id=\"http:\/\/old.nouvelleaquitaine-handball.org\/toutlehand\/wp-content\/uploads\/2021\/09\/484-Repondre-a-un-AAP-Fiche-pratique-1.pdf\">R\u00e9ponse \u00e0 un AAP &#8211; Fiche pratique<\/a><\/p>\n","protected":false},"excerpt":{"rendered":"<p>Demande de pr\u00eat de mat\u00e9riel Tuto cr\u00e9ation \u00e9v\u00e8nement Gesthand Fiche de pr\u00eat de mat\u00e9riel Ligue Si\u00e8ge M\u00e9rignac R\u00e9ponse \u00e0 un AAP &#8211; Fiche pratique<\/p>\n","protected":false},"author":1,"featured_media":0,"parent":0,"menu_order":0,"comment_status":"closed","ping_status":"closed","template":"","meta":{"_seopress_robots_primary_cat":"","footnotes":""},"folder":[],"class_list":["post-2286","page","type-page","status-publish","hentry"],"_links":{"self":[{"href":"https:\/\/old.nouvelleaquitaine-handball.org\/toutlehand\/wp-json\/wp\/v2\/pages\/2286","targetHints":{"allow":["GET"]}}],"collection":[{"href":"https:\/\/old.nouvelleaquitaine-handball.org\/toutlehand\/wp-json\/wp\/v2\/pages"}],"about":[{"href":"https:\/\/old.nouvelleaquitaine-handball.org\/toutlehand\/wp-json\/wp\/v2\/types\/page"}],"author":[{"embeddable":true,"href":"https:\/\/old.nouvelleaquitaine-handball.org\/toutlehand\/wp-json\/wp\/v2\/users\/1"}],"replies":[{"embeddable":true,"href":"https:\/\/old.nouvelleaquitaine-handball.org\/toutlehand\/wp-json\/wp\/v2\/comments?post=2286"}],"version-history":[{"count":6,"href":"https:\/\/old.nouvelleaquitaine-handball.org\/toutlehand\/wp-json\/wp\/v2\/pages\/2286\/revisions"}],"predecessor-version":[{"id":3467,"href":"https:\/\/old.nouvelleaquitaine-handball.org\/toutlehand\/wp-json\/wp\/v2\/pages\/2286\/revisions\/3467"}],"wp:attachment":[{"href":"https:\/\/old.nouvelleaquitaine-handball.org\/toutlehand\/wp-json\/wp\/v2\/media?parent=2286"}],"wp:term":[{"taxonomy":"folder","embeddable":true,"href":"https:\/\/old.nouvelleaquitaine-handball.org\/toutlehand\/wp-json\/wp\/v2\/folder?post=2286"}],"curies":[{"name":"wp","href":"https:\/\/api.w.org\/{rel}","templated":true}]}}