{"id":2283,"date":"2021-07-27T11:33:22","date_gmt":"2021-07-27T09:33:22","guid":{"rendered":"https:\/\/nouvelleaquitaine-handball.org\/toutlehand\/?page_id=2283"},"modified":"2022-09-08T14:24:07","modified_gmt":"2022-09-08T12:24:07","slug":"470-hand-scolaire-et-periscolaire","status":"publish","type":"page","link":"https:\/\/old.nouvelleaquitaine-handball.org\/toutlehand\/470-hand-scolaire-et-periscolaire\/","title":{"rendered":"HAND SCOLAIRE ET PERISCOLAIRE"},"content":{"rendered":"\n<p><a href=\"http:\/\/old.nouvelleaquitaine-handball.org\/toutlehand\/wp-content\/uploads\/2021\/09\/471-Ecoles-Generation-2024.pdf\" data-type=\"URL\" data-id=\"http:\/\/old.nouvelleaquitaine-handball.org\/toutlehand\/wp-content\/uploads\/2021\/09\/471-Ecoles-Generation-2024.pdf\">Ecoles G\u00e9n\u00e9ration 2024<\/a><\/p>\n\n\n\n<p><a href=\"http:\/\/old.nouvelleaquitaine-handball.org\/toutlehand\/wp-content\/uploads\/2021\/09\/472-Livret-Generation2024.pdf\" data-type=\"URL\" data-id=\"http:\/\/old.nouvelleaquitaine-handball.org\/toutlehand\/wp-content\/uploads\/2021\/09\/472-Livret-Generation2024.pdf\">Livret G\u00e9n\u00e9ration 2024<\/a><\/p>\n\n\n\n<p><a href=\"http:\/\/old.nouvelleaquitaine-handball.org\/toutlehand\/wp-content\/uploads\/2021\/09\/473-Les-partenaires-scolaires.pdf\" data-type=\"URL\" data-id=\"http:\/\/old.nouvelleaquitaine-handball.org\/toutlehand\/wp-content\/uploads\/2021\/09\/473-Les-partenaires-scolaires.pdf\">Les partenaires scolaires FFHB<\/a><\/p>\n\n\n\n<p><a href=\"https:\/\/old.nouvelleaquitaine-handball.org\/toutlehand\/wp-content\/uploads\/2021\/09\/474-Exemple-Convention-Club-Collectivite-Ecole.docx\" data-type=\"URL\" data-id=\"https:\/\/old.nouvelleaquitaine-handball.org\/toutlehand\/wp-content\/uploads\/2021\/09\/474-Exemple-Convention-Club-Collectivite-Ecole.docx\">Exemple Convention Club Collectivit\u00e9 Ecole<\/a><\/p>\n\n\n\n<p><a href=\"http:\/\/old.nouvelleaquitaine-handball.org\/toutlehand\/wp-content\/uploads\/2021\/09\/475-Projet-pedagogique-EPS-Educ-Nat.pdf\" data-type=\"URL\" data-id=\"http:\/\/old.nouvelleaquitaine-handball.org\/toutlehand\/wp-content\/uploads\/2021\/09\/475-Projet-pedagogique-EPS-Educ-Nat.pdf\">Projet p\u00e9dagogique EPS Educ. Nat.<\/a><\/p>\n","protected":false},"excerpt":{"rendered":"<p>Ecoles G\u00e9n\u00e9ration 2024 Livret G\u00e9n\u00e9ration 2024 Les partenaires scolaires FFHB Exemple Convention Club Collectivit\u00e9 Ecole Projet p\u00e9dagogique EPS Educ. Nat.<\/p>\n","protected":false},"author":1,"featured_media":0,"parent":0,"menu_order":0,"comment_status":"closed","ping_status":"closed","template":"","meta":{"_seopress_robots_primary_cat":"","footnotes":""},"folder":[],"class_list":["post-2283","page","type-page","status-publish","hentry"],"_links":{"self":[{"href":"https:\/\/old.nouvelleaquitaine-handball.org\/toutlehand\/wp-json\/wp\/v2\/pages\/2283","targetHints":{"allow":["GET"]}}],"collection":[{"href":"https:\/\/old.nouvelleaquitaine-handball.org\/toutlehand\/wp-json\/wp\/v2\/pages"}],"about":[{"href":"https:\/\/old.nouvelleaquitaine-handball.org\/toutlehand\/wp-json\/wp\/v2\/types\/page"}],"author":[{"embeddable":true,"href":"https:\/\/old.nouvelleaquitaine-handball.org\/toutlehand\/wp-json\/wp\/v2\/users\/1"}],"replies":[{"embeddable":true,"href":"https:\/\/old.nouvelleaquitaine-handball.org\/toutlehand\/wp-json\/wp\/v2\/comments?post=2283"}],"version-history":[{"count":7,"href":"https:\/\/old.nouvelleaquitaine-handball.org\/toutlehand\/wp-json\/wp\/v2\/pages\/2283\/revisions"}],"predecessor-version":[{"id":3465,"href":"https:\/\/old.nouvelleaquitaine-handball.org\/toutlehand\/wp-json\/wp\/v2\/pages\/2283\/revisions\/3465"}],"wp:attachment":[{"href":"https:\/\/old.nouvelleaquitaine-handball.org\/toutlehand\/wp-json\/wp\/v2\/media?parent=2283"}],"wp:term":[{"taxonomy":"folder","embeddable":true,"href":"https:\/\/old.nouvelleaquitaine-handball.org\/toutlehand\/wp-json\/wp\/v2\/folder?post=2283"}],"curies":[{"name":"wp","href":"https:\/\/api.w.org\/{rel}","templated":true}]}}