{"id":2271,"date":"2021-07-27T11:32:01","date_gmt":"2021-07-27T09:32:01","guid":{"rendered":"https:\/\/nouvelleaquitaine-handball.org\/toutlehand\/?page_id=2271"},"modified":"2022-09-08T14:11:13","modified_gmt":"2022-09-08T12:11:13","slug":"430-handensemble","status":"publish","type":"page","link":"https:\/\/old.nouvelleaquitaine-handball.org\/toutlehand\/430-handensemble\/","title":{"rendered":"Handensemble"},"content":{"rendered":"\n<p><a href=\"http:\/\/old.nouvelleaquitaine-handball.org\/toutlehand\/wp-content\/uploads\/2021\/09\/FFHB-Logo-Handensemble.jpg\" data-type=\"URL\" data-id=\"http:\/\/old.nouvelleaquitaine-handball.org\/toutlehand\/wp-content\/uploads\/2021\/09\/FFHB-Logo-Handensemble.jpg\">Visuels HANDENSEMBLE<\/a><\/p>\n\n\n\n<p><a href=\"http:\/\/old.nouvelleaquitaine-handball.org\/toutlehand\/wp-content\/uploads\/2021\/08\/432-Fiche-pratique-HANDENSEMBLE.pdf\" data-type=\"URL\" data-id=\"http:\/\/old.nouvelleaquitaine-handball.org\/toutlehand\/wp-content\/uploads\/2021\/08\/432-Fiche-pratique-HANDENSEMBLE.pdf\">Fiche pratique HANDENSEMBLE<\/a><\/p>\n\n\n\n<p><a href=\"http:\/\/old.nouvelleaquitaine-handball.org\/toutlehand\/wp-content\/uploads\/2021\/08\/433-Pratiquer-le-Handensemble-2019.pdf\" data-type=\"URL\" data-id=\"http:\/\/old.nouvelleaquitaine-handball.org\/toutlehand\/wp-content\/uploads\/2021\/08\/433-Pratiquer-le-Handensemble-2019.pdf\">Pratiquer le Handensemble<\/a><\/p>\n\n\n\n<p><a href=\"http:\/\/old.nouvelleaquitaine-handball.org\/toutlehand\/wp-content\/uploads\/2021\/08\/434-handensemble-plaquette-3volets-2016.pdf\" data-type=\"URL\" data-id=\"http:\/\/old.nouvelleaquitaine-handball.org\/toutlehand\/wp-content\/uploads\/2021\/08\/434-handensemble-plaquette-3volets-2016.pdf\">Handensemble plaquette<\/a><\/p>\n\n\n\n<p><a href=\"http:\/\/old.nouvelleaquitaine-handball.org\/toutlehand\/wp-content\/uploads\/2021\/08\/436-Guide-accessibilite-gymnase.pdf\" data-type=\"URL\" data-id=\"http:\/\/old.nouvelleaquitaine-handball.org\/toutlehand\/wp-content\/uploads\/2021\/08\/436-Guide-accessibilite-gymnase.pdf\">Guide accessibilit\u00e9 gymnase<\/a><\/p>\n\n\n\n<p><a href=\"https:\/\/www.youtube.com\/watch?v=ysC83SzB8sQ\">Vid\u00e9o 4\u00e8me rencontres r\u00e9gionales du HandEnsemble<\/a><\/p>\n","protected":false},"excerpt":{"rendered":"<p>Visuels HANDENSEMBLE Fiche pratique HANDENSEMBLE Pratiquer le Handensemble Handensemble plaquette Guide accessibilit\u00e9 gymnase Vid\u00e9o 4\u00e8me rencontres r\u00e9gionales du HandEnsemble<\/p>\n","protected":false},"author":1,"featured_media":0,"parent":0,"menu_order":0,"comment_status":"closed","ping_status":"closed","template":"","meta":{"_seopress_robots_primary_cat":"","footnotes":""},"folder":[],"class_list":["post-2271","page","type-page","status-publish","hentry"],"_links":{"self":[{"href":"https:\/\/old.nouvelleaquitaine-handball.org\/toutlehand\/wp-json\/wp\/v2\/pages\/2271","targetHints":{"allow":["GET"]}}],"collection":[{"href":"https:\/\/old.nouvelleaquitaine-handball.org\/toutlehand\/wp-json\/wp\/v2\/pages"}],"about":[{"href":"https:\/\/old.nouvelleaquitaine-handball.org\/toutlehand\/wp-json\/wp\/v2\/types\/page"}],"author":[{"embeddable":true,"href":"https:\/\/old.nouvelleaquitaine-handball.org\/toutlehand\/wp-json\/wp\/v2\/users\/1"}],"replies":[{"embeddable":true,"href":"https:\/\/old.nouvelleaquitaine-handball.org\/toutlehand\/wp-json\/wp\/v2\/comments?post=2271"}],"version-history":[{"count":12,"href":"https:\/\/old.nouvelleaquitaine-handball.org\/toutlehand\/wp-json\/wp\/v2\/pages\/2271\/revisions"}],"predecessor-version":[{"id":3458,"href":"https:\/\/old.nouvelleaquitaine-handball.org\/toutlehand\/wp-json\/wp\/v2\/pages\/2271\/revisions\/3458"}],"wp:attachment":[{"href":"https:\/\/old.nouvelleaquitaine-handball.org\/toutlehand\/wp-json\/wp\/v2\/media?parent=2271"}],"wp:term":[{"taxonomy":"folder","embeddable":true,"href":"https:\/\/old.nouvelleaquitaine-handball.org\/toutlehand\/wp-json\/wp\/v2\/folder?post=2271"}],"curies":[{"name":"wp","href":"https:\/\/api.w.org\/{rel}","templated":true}]}}