{"id":180,"date":"2020-10-05T16:31:12","date_gmt":"2020-10-05T14:31:12","guid":{"rendered":"http:\/\/nouvelleaquitaine-handball.org\/toutlehand\/?page_id=180"},"modified":"2022-11-10T15:44:46","modified_gmt":"2022-11-10T14:44:46","slug":"200-competition","status":"publish","type":"page","link":"https:\/\/old.nouvelleaquitaine-handball.org\/toutlehand\/200-competition\/","title":{"rendered":"Comp\u00e9tition"},"content":{"rendered":"\n<ul class=\"wp-block-list\">\n<li><a href=\"https:\/\/old.nouvelleaquitaine-handball.org\/toutlehand\/200-competition\/210-reglements-et-instances\/\">R\u00e8glements et instances<\/a>\n<ul class=\"wp-block-list\">\n<li><a href=\"https:\/\/old.nouvelleaquitaine-handball.org\/toutlehand\/200-competition\/210-reglements-et-instances\/211-reglements-federaux\/\">R\u00e8glements f\u00e9d\u00e9raux<\/a><\/li>\n\n\n\n<li><a href=\"https:\/\/old.nouvelleaquitaine-handball.org\/toutlehand\/200-competition\/210-reglements-et-instances\/212-reglements-territoriaux\/\">R\u00e8glements territoriaux<\/a><\/li>\n\n\n\n<li><a href=\"https:\/\/old.nouvelleaquitaine-handball.org\/toutlehand\/200-competition\/210-reglements-et-instances\/213-instances-federales\/\">Instances f\u00e9d\u00e9rales<\/a><\/li>\n\n\n\n<li><a href=\"https:\/\/old.nouvelleaquitaine-handball.org\/toutlehand\/200-competition\/210-reglements-et-instances\/214-instances-territoriales\/\">Instances territoriales<\/a><\/li>\n\n\n\n<li><a href=\"https:\/\/old.nouvelleaquitaine-handball.org\/toutlehand\/200-competition\/210-reglements-et-instances\/215-categories-dage\/\">Cat\u00e9gories d&#8217;\u00e2ge<\/a><\/li>\n\n\n\n<li><a href=\"https:\/\/old.nouvelleaquitaine-handball.org\/toutlehand\/200-competition\/210-reglements-et-instances\/216-calendriers\/\">Calendriers<\/a><\/li>\n\n\n\n<li><a href=\"https:\/\/old.nouvelleaquitaine-handball.org\/toutlehand\/200-competition\/210-reglements-et-instances\/engagement-dequipes\/\">Engagement d\u2019\u00e9quipes<\/a><\/li>\n\n\n\n<li><a href=\"https:\/\/old.nouvelleaquitaine-handball.org\/toutlehand\/200-competition\/210-reglements-et-instances\/219-amenagement-des-regles-jeunes\/\">Am\u00e9nagement des r\u00e8gles( jeunes )<\/a><\/li>\n<\/ul>\n<\/li>\n\n\n\n<li><a href=\"https:\/\/old.nouvelleaquitaine-handball.org\/toutlehand\/200-competition\/220-autour-de-la-rencontre\/\">Autour de la rencontre<\/a>\n<ul class=\"wp-block-list\">\n<li>Guide des accompagnateurs d&#8217;\u00e9quipe<\/li>\n\n\n\n<li><a href=\"https:\/\/old.nouvelleaquitaine-handball.org\/toutlehand\/200-competition\/220-autour-de-la-rencontre\/221-avant-le-match\/\">Avant le match<\/a><\/li>\n\n\n\n<li><a href=\"https:\/\/old.nouvelleaquitaine-handball.org\/toutlehand\/200-competition\/220-autour-de-la-rencontre\/222-pendant-le-match\/\">Pendant le match<\/a><\/li>\n\n\n\n<li><a href=\"https:\/\/old.nouvelleaquitaine-handball.org\/toutlehand\/200-competition\/220-autour-de-la-rencontre\/223-apres-le-match\/\">Apr\u00e8s le match<\/a><\/li>\n\n\n\n<li><a href=\"https:\/\/old.nouvelleaquitaine-handball.org\/toutlehand\/200-competition\/220-autour-de-la-rencontre\/224-cas-particuliers\/\">Cas particuliers<\/a><\/li>\n\n\n\n<li><a href=\"http:\/\/nouvelleaquitaine-handball.org\/toutlehand\/?page_id=663\">Match \u00e0 l\u2019ext\u00e9rieur<\/a><\/li>\n<\/ul>\n<\/li>\n\n\n\n<li><a href=\"https:\/\/old.nouvelleaquitaine-handball.org\/toutlehand\/200-competition\/230-arbitrage\/\">Arbitrage<\/a>\n<ul class=\"wp-block-list\">\n<li><a href=\"http:\/\/nouvelleaquitaine-handball.org\/toutlehand\/?page_id=671\"><\/a><a href=\"http:\/\/nouvelleaquitaine-handball.org\/toutlehand\/?page_id=671\"><\/a><a href=\"http:\/\/old.nouvelleaquitaine-handball.org\/toutlehand\/?page_id=671\" data-type=\"URL\" data-id=\"http:\/\/old.nouvelleaquitaine-handball.org\/toutlehand\/?page_id=671\">Arbitrer<\/a><\/li>\n\n\n\n<li><a href=\"https:\/\/old.nouvelleaquitaine-handball.org\/toutlehand\/200-competition\/230-arbitrage\/232-ecole-arbitrage\/\">Ecole arbitrage<\/a><\/li>\n\n\n\n<li><a href=\"https:\/\/old.nouvelleaquitaine-handball.org\/toutlehand\/233-docs-arbitrage\/\">Docs arbitrage<\/a><\/li>\n<\/ul>\n<\/li>\n\n\n\n<li><a href=\"https:\/\/old.nouvelleaquitaine-handball.org\/toutlehand\/200-competition\/240-officiels-table-de-marque\/\">Officiels Table de marque<\/a><\/li>\n\n\n\n<li><a href=\"https:\/\/old.nouvelleaquitaine-handball.org\/toutlehand\/200-competition\/250-convention-et-regroupement\/\">Convention-Entente<\/a>\n<ul class=\"wp-block-list\">\n<li><a href=\"https:\/\/old.nouvelleaquitaine-handball.org\/toutlehand\/100-outils-docs-administratifs\/140-competition\/141-convention-entre-clubs-creation\/\">Convention entre Clubs Cr\u00e9ation<\/a><\/li>\n\n\n\n<li><a href=\"https:\/\/old.nouvelleaquitaine-handball.org\/toutlehand\/100-outils-docs-administratifs\/140-competition\/142-convention-entre-clubs-renouvellement\/\">Convention entre clubs Renouvellement<\/a><\/li>\n\n\n\n<li><a href=\"https:\/\/old.nouvelleaquitaine-handball.org\/toutlehand\/100-outils-docs-administratifs\/140-competition\/143convention-entre-clubs-u18-u17\/\">Convention entre clubs U18 U17<\/a><\/li>\n\n\n\n<li><a href=\"http:\/\/old.nouvelleaquitaine-handball.org\/toutlehand\/?page_id=478\" data-type=\"URL\" data-id=\"http:\/\/old.nouvelleaquitaine-handball.org\/toutlehand\/?page_id=478\">Regroupement temporaire<\/a><\/li>\n<\/ul>\n<\/li>\n\n\n\n<li><a href=\"https:\/\/old.nouvelleaquitaine-handball.org\/toutlehand\/200-competition\/260-performance-ppf\/\">Performance PPF<\/a>\n<ul class=\"wp-block-list\">\n<li><a href=\"https:\/\/old.nouvelleaquitaine-handball.org\/toutlehand\/200-competition\/260-performance-ppf\/261-ppf-arbitrage\/\">PPF Arbitrage<\/a><\/li>\n\n\n\n<li><a href=\"https:\/\/old.nouvelleaquitaine-handball.org\/toutlehand\/200-competition\/260-performance-ppf\/262-ppf-masculin\/\">PPF Masculin<\/a><\/li>\n\n\n\n<li><a href=\"https:\/\/old.nouvelleaquitaine-handball.org\/toutlehand\/200-competition\/260-performance-ppf\/263-ppf-feminin\/\">PPF F\u00e9minin<\/a><\/li>\n\n\n\n<li><a href=\"http:\/\/old.nouvelleaquitaine-handball.org\/toutlehand\/?page_id=694\" data-type=\"URL\" data-id=\"http:\/\/old.nouvelleaquitaine-handball.org\/toutlehand\/?page_id=694\">IC IL IP( Inter Comit\u00e9s Ligues P\u00f4les )<\/a><\/li>\n\n\n\n<li><a href=\"http:\/\/old.nouvelleaquitaine-handball.org\/toutlehand\/?page_id=696\" data-type=\"URL\" data-id=\"http:\/\/old.nouvelleaquitaine-handball.org\/toutlehand\/?page_id=696\">P\u00f4les Espoir<\/a><\/li>\n<\/ul>\n<\/li>\n\n\n\n<li><a href=\"https:\/\/old.nouvelleaquitaine-handball.org\/toutlehand\/200-competition\/270-cmcd\/\">CMCD<\/a>\n<ul class=\"wp-block-list\">\n<li><a href=\"https:\/\/old.nouvelleaquitaine-handball.org\/toutlehand\/200-competition\/270-cmcd\/271-cmcd-generalites\/\">CMCD G\u00e9n\u00e9ralit\u00e9s<\/a><\/li>\n\n\n\n<li><a href=\"https:\/\/old.nouvelleaquitaine-handball.org\/toutlehand\/200-competition\/270-cmcd\/272-cmcd-nationale\/\">CMCD Nationale<\/a><\/li>\n\n\n\n<li><a href=\"https:\/\/old.nouvelleaquitaine-handball.org\/toutlehand\/200-competition\/270-cmcd\/273-cmcd-territoriale\/\">CMCD Territoriale<\/a><\/li>\n<\/ul>\n<\/li>\n\n\n\n<li><a href=\"https:\/\/old.nouvelleaquitaine-handball.org\/toutlehand\/200-competition\/290-championnats-coupes\/\">Championnats Coupes<\/a>\n<ul class=\"wp-block-list\">\n<li><a href=\"https:\/\/old.nouvelleaquitaine-handball.org\/toutlehand\/200-competition\/290-championnats-coupes\/291-championnats-nationaux\/\">Championnats nationaux<\/a><\/li>\n\n\n\n<li><a href=\"https:\/\/old.nouvelleaquitaine-handball.org\/toutlehand\/200-competition\/290-championnats-coupes\/282-championnats-territoriaux\/\">Championnats territoriaux<\/a><\/li>\n\n\n\n<li><a href=\"https:\/\/old.nouvelleaquitaine-handball.org\/toutlehand\/200-competition\/290-championnats-coupes\/283-championnats-departementaux\/\">Championnats d\u00e9partementaux<\/a><\/li>\n\n\n\n<li><a href=\"https:\/\/old.nouvelleaquitaine-handball.org\/toutlehand\/200-competition\/290-championnats-coupes\/284-coupe-de-france\/\">Coupe de France<\/a><\/li>\n\n\n\n<li><a href=\"https:\/\/old.nouvelleaquitaine-handball.org\/toutlehand\/200-competition\/290-championnats-coupes\/285-matchs-amicaux-tournois\/\">Matchs amicaux Tournois<\/a><\/li>\n<\/ul>\n<\/li>\n<\/ul>\n","protected":false},"excerpt":{"rendered":"","protected":false},"author":1,"featured_media":182,"parent":0,"menu_order":0,"comment_status":"closed","ping_status":"closed","template":"","meta":{"_seopress_robots_primary_cat":"","footnotes":""},"folder":[],"class_list":["post-180","page","type-page","status-publish","has-post-thumbnail","hentry"],"_links":{"self":[{"href":"https:\/\/old.nouvelleaquitaine-handball.org\/toutlehand\/wp-json\/wp\/v2\/pages\/180","targetHints":{"allow":["GET"]}}],"collection":[{"href":"https:\/\/old.nouvelleaquitaine-handball.org\/toutlehand\/wp-json\/wp\/v2\/pages"}],"about":[{"href":"https:\/\/old.nouvelleaquitaine-handball.org\/toutlehand\/wp-json\/wp\/v2\/types\/page"}],"author":[{"embeddable":true,"href":"https:\/\/old.nouvelleaquitaine-handball.org\/toutlehand\/wp-json\/wp\/v2\/users\/1"}],"replies":[{"embeddable":true,"href":"https:\/\/old.nouvelleaquitaine-handball.org\/toutlehand\/wp-json\/wp\/v2\/comments?post=180"}],"version-history":[{"count":15,"href":"https:\/\/old.nouvelleaquitaine-handball.org\/toutlehand\/wp-json\/wp\/v2\/pages\/180\/revisions"}],"predecessor-version":[{"id":3734,"href":"https:\/\/old.nouvelleaquitaine-handball.org\/toutlehand\/wp-json\/wp\/v2\/pages\/180\/revisions\/3734"}],"wp:featuredmedia":[{"embeddable":true,"href":"https:\/\/old.nouvelleaquitaine-handball.org\/toutlehand\/wp-json\/wp\/v2\/media\/182"}],"wp:attachment":[{"href":"https:\/\/old.nouvelleaquitaine-handball.org\/toutlehand\/wp-json\/wp\/v2\/media?parent=180"}],"wp:term":[{"taxonomy":"folder","embeddable":true,"href":"https:\/\/old.nouvelleaquitaine-handball.org\/toutlehand\/wp-json\/wp\/v2\/folder?post=180"}],"curies":[{"name":"wp","href":"https:\/\/api.w.org\/{rel}","templated":true}]}}