{"id":177,"date":"2020-10-05T16:21:04","date_gmt":"2020-10-05T14:21:04","guid":{"rendered":"http:\/\/nouvelleaquitaine-handball.org\/toutlehand\/?page_id=177"},"modified":"2023-08-30T11:58:16","modified_gmt":"2023-08-30T09:58:16","slug":"100-outils-docs-administratifs","status":"publish","type":"page","link":"https:\/\/old.nouvelleaquitaine-handball.org\/toutlehand\/100-outils-docs-administratifs\/","title":{"rendered":"Outils administratifs"},"content":{"rendered":"\n<ul class=\"wp-block-list\">\n<li><a href=\"https:\/\/old.nouvelleaquitaine-handball.org\/toutlehand\/?page_id=228\">Cr\u00e9ation et modification de club <\/a>\n<ul class=\"wp-block-list\">\n<li><a href=\"https:\/\/old.nouvelleaquitaine-handball.org\/toutlehand\/?page_id=280\">Association Service public<\/a><\/li>\n\n\n\n<li><a href=\"https:\/\/old.nouvelleaquitaine-handball.org\/toutlehand\/?page_id=285\">Cr\u00e9ation club associatif<\/a><\/li>\n\n\n\n<li><a href=\"https:\/\/old.nouvelleaquitaine-handball.org\/toutlehand\/?page_id=309\">Regroupement de clubs \u2013 Modification structure FFHB<\/a><\/li>\n\n\n\n<li><a href=\"https:\/\/old.nouvelleaquitaine-handball.org\/toutlehand\/?page_id=318\">Statuts \u2013 Mod\u00e8le type<\/a><\/li>\n\n\n\n<li><a href=\"https:\/\/old.nouvelleaquitaine-handball.org\/toutlehand\/?page_id=323\">Exemple de r\u00e8glement int\u00e9rieur<\/a><\/li>\n\n\n\n<li><a href=\"https:\/\/old.nouvelleaquitaine-handball.org\/toutlehand\/?page_id=328\">Proc\u00e8s verbaux de r\u00e9unions \u2013 Mod\u00e8les <\/a><\/li>\n<\/ul>\n<\/li>\n<\/ul>\n\n\n\n<ul class=\"wp-block-list\">\n<li><a href=\"https:\/\/old.nouvelleaquitaine-handball.org\/toutlehand\/?page_id=243\">Affiliations et r\u00e9affiliations <\/a>\n<ul class=\"wp-block-list\">\n<li><a href=\"https:\/\/old.nouvelleaquitaine-handball.org\/toutlehand\/?page_id=345\">Fiche proc\u00e9dure Gesthand<\/a><\/li>\n\n\n\n<li><a href=\"https:\/\/old.nouvelleaquitaine-handball.org\/toutlehand\/?page_id=347\">Attestation d\u2019affiliation <\/a><\/li>\n<\/ul>\n<\/li>\n<\/ul>\n\n\n\n<ul class=\"wp-block-list\">\n<li><a href=\"https:\/\/old.nouvelleaquitaine-handball.org\/toutlehand\/?page_id=245\">Autour de la pratique ADMIN <\/a><ul><li><a href=\"https:\/\/old.nouvelleaquitaine-handball.org\/toutlehand\/wp-content\/uploads\/2023\/07\/Memento-Administratif-2023-2024-Version-1-230707.pdf\">M\u00e9mento\u00a0 administratif 23-24<\/a><\/li><\/ul>\n<ul class=\"wp-block-list\">\n<li><a href=\"https:\/\/old.nouvelleaquitaine-handball.org\/toutlehand\/?page_id=374\">Licences<\/a><\/li>\n\n\n\n<li><a href=\"https:\/\/old.nouvelleaquitaine-handball.org\/toutlehand\/?page_id=405\">Mutations<\/a><\/li>\n\n\n\n<li><a href=\"https:\/\/old.nouvelleaquitaine-handball.org\/toutlehand\/?page_id=407\">Assurance <\/a><\/li>\n\n\n\n<li><a href=\"https:\/\/old.nouvelleaquitaine-handball.org\/toutlehand\/?page_id=2196\">Tarifs Licences Gesthand<\/a><\/li>\n\n\n\n<li><a href=\"https:\/\/old.nouvelleaquitaine-handball.org\/toutlehand\/wp-content\/uploads\/2023\/08\/Annuaire_de_Ligue_2023-2024_V260723-V1.pdf\">Annuaire Ligue 23-24<\/a><\/li>\n<\/ul>\n<\/li>\n<\/ul>\n\n\n\n<ul class=\"wp-block-list\">\n<li><a href=\"https:\/\/old.nouvelleaquitaine-handball.org\/toutlehand\/?page_id=247\">Comp\u00e9tition <\/a>\n<ul class=\"wp-block-list\">\n<li><a href=\"https:\/\/old.nouvelleaquitaine-handball.org\/toutlehand\/?page_id=471\">Convention entre Clubs Cr\u00e9ation<\/a><\/li>\n\n\n\n<li><a href=\"https:\/\/old.nouvelleaquitaine-handball.org\/toutlehand\/?page_id=473\">Convention entre clubs Renouvellement<\/a><\/li>\n\n\n\n<li><a href=\"https:\/\/old.nouvelleaquitaine-handball.org\/toutlehand\/?page_id=475\">Convention entre clubs U18 U17<\/a><\/li>\n\n\n\n<li><a href=\"https:\/\/old.nouvelleaquitaine-handball.org\/toutlehand\/?page_id=478\">Regroupement temporaire<\/a><\/li>\n\n\n\n<li><a href=\"https:\/\/old.nouvelleaquitaine-handball.org\/toutlehand\/?page_id=480\">Feuille de match vierge<\/a><\/li>\n\n\n\n<li><a href=\"https:\/\/old.nouvelleaquitaine-handball.org\/toutlehand\/?page_id=482\">Autorisation surclassement joueur<\/a><\/li>\n\n\n\n<li><a href=\"https:\/\/old.nouvelleaquitaine-handball.org\/toutlehand\/?page_id=484\">Cat\u00e9gories d\u2019\u00e2ge<\/a><\/li>\n\n\n\n<li><a href=\"https:\/\/old.nouvelleaquitaine-handball.org\/toutlehand\/?page_id=486\">M\u00e9dicale <\/a><\/li>\n<\/ul>\n<\/li>\n<\/ul>\n\n\n\n<ul class=\"wp-block-list\">\n<li><a href=\"https:\/\/old.nouvelleaquitaine-handball.org\/toutlehand\/?page_id=249\">\u00c9v\u00e9nements-Matchs amicaux <\/a>\n<ul class=\"wp-block-list\">\n<li><a href=\"https:\/\/old.nouvelleaquitaine-handball.org\/toutlehand\/?page_id=492\">\u00c9v\u00e9nements<\/a><\/li>\n\n\n\n<li><a href=\"https:\/\/old.nouvelleaquitaine-handball.org\/toutlehand\/?page_id=494\">Matchs amicaux <\/a><\/li>\n<\/ul>\n<\/li>\n<\/ul>\n\n\n\n<ul class=\"wp-block-list\">\n<li><a href=\"https:\/\/old.nouvelleaquitaine-handball.org\/toutlehand\/?page_id=251\">Finances et comptabilit\u00e9 <\/a>\n<ul class=\"wp-block-list\">\n<li><a href=\"https:\/\/old.nouvelleaquitaine-handball.org\/toutlehand\/?page_id=496\">Tarifs f\u00e9d\u00e9raux et Ligue<\/a><\/li>\n\n\n\n<li><a href=\"https:\/\/old.nouvelleaquitaine-handball.org\/toutlehand\/?page_id=498\">Gestion comptable<\/a><\/li>\n\n\n\n<li><a href=\"https:\/\/old.nouvelleaquitaine-handball.org\/toutlehand\/?page_id=500\">Dons et fiscalit\u00e9<\/a><\/li>\n\n\n\n<li><a href=\"https:\/\/old.nouvelleaquitaine-handball.org\/toutlehand\/?page_id=502\">D\u00e9duction Frais d\u00e9placement<\/a><\/li>\n\n\n\n<li><a href=\"https:\/\/old.nouvelleaquitaine-handball.org\/toutlehand\/?page_id=504\">Enregistrement SIRET <\/a><\/li>\n<\/ul>\n<\/li>\n<\/ul>\n\n\n\n<ul class=\"wp-block-list\">\n<li><a href=\"https:\/\/old.nouvelleaquitaine-handball.org\/toutlehand\/?page_id=253\">Gesthand et GH Extractions <\/a>\n<ul class=\"wp-block-list\">\n<li><a href=\"https:\/\/old.nouvelleaquitaine-handball.org\/toutlehand\/?page_id=507\">Utilisation Gesthand<\/a><\/li>\n\n\n\n<li><a href=\"https:\/\/old.nouvelleaquitaine-handball.org\/toutlehand\/?page_id=509\">Gesthand Extractions<\/a><\/li>\n\n\n\n<li><a href=\"https:\/\/old.nouvelleaquitaine-handball.org\/toutlehand\/?page_id=511\">Support informatique FFHB <\/a><\/li>\n<\/ul>\n<\/li>\n<\/ul>\n\n\n\n<ul class=\"wp-block-list\">\n<li><a href=\"https:\/\/old.nouvelleaquitaine-handball.org\/toutlehand\/?page_id=255\">M\u00e9l f\u00e9d\u00e9ral @ffhandball.net <\/a>\n<ul class=\"wp-block-list\">\n<li><a href=\"https:\/\/old.nouvelleaquitaine-handball.org\/toutlehand\/100-outils-docs-administratifs\/180-mail-standardise-ffhb\/\" data-type=\"URL\" data-id=\"https:\/\/old.nouvelleaquitaine-handball.org\/toutlehand\/100-outils-docs-administratifs\/180-mail-standardise-ffhb\/\">Guide adresse f\u00e9d\u00e9rale <\/a><\/li>\n<\/ul>\n<\/li>\n<\/ul>\n\n\n\n<ul class=\"wp-block-list\">\n<li><a href=\"https:\/\/old.nouvelleaquitaine-handball.org\/toutlehand\/?page_id=257\">Outils digitaux <\/a>\n<ul class=\"wp-block-list\">\n<li><a href=\"https:\/\/old.nouvelleaquitaine-handball.org\/toutlehand\/?page_id=518\">Zoom Visioconf\u00e9rence<\/a><\/li>\n\n\n\n<li><a href=\"http:\/\/old.nouvelleaquitaine-handball.org\/toutlehand\/?page_id=520\" data-type=\"URL\" data-id=\"http:\/\/old.nouvelleaquitaine-handball.org\/toutlehand\/?page_id=520\">Teams Visioconf\u00e9rence<\/a><\/li>\n\n\n\n<li><a href=\"https:\/\/old.nouvelleaquitaine-handball.org\/toutlehand\/?page_id=522\">Forms Questionnaire<\/a><\/li>\n\n\n\n<li><a href=\"https:\/\/old.nouvelleaquitaine-handball.org\/toutlehand\/?page_id=524\">One Drive Stockage<\/a><\/li>\n\n\n\n<li><a href=\"https:\/\/old.nouvelleaquitaine-handball.org\/toutlehand\/?page_id=526\">Planner<\/a><\/li>\n\n\n\n<li><a href=\"https:\/\/old.nouvelleaquitaine-handball.org\/toutlehand\/?page_id=528\">Campus des handballeurs<\/a> <\/li>\n\n\n\n<li><a href=\"https:\/\/old.nouvelleaquitaine-handball.org\/toutlehand\/197-infos-reseaux-et-outils-ffhb\/\" data-type=\"URL\" data-id=\"https:\/\/old.nouvelleaquitaine-handball.org\/toutlehand\/197-infos-reseaux-et-outils-ffhb\/\">Infos r\u00e9seaux et outils FFHB<\/a><\/li>\n<\/ul>\n<\/li>\n<\/ul>\n\n\n\n<p>&nbsp;<\/p>\n","protected":false},"excerpt":{"rendered":"<p>&nbsp;<\/p>\n","protected":false},"author":1,"featured_media":1158,"parent":0,"menu_order":0,"comment_status":"closed","ping_status":"closed","template":"","meta":{"_seopress_robots_primary_cat":"","footnotes":""},"folder":[],"class_list":["post-177","page","type-page","status-publish","has-post-thumbnail","hentry"],"_links":{"self":[{"href":"https:\/\/old.nouvelleaquitaine-handball.org\/toutlehand\/wp-json\/wp\/v2\/pages\/177","targetHints":{"allow":["GET"]}}],"collection":[{"href":"https:\/\/old.nouvelleaquitaine-handball.org\/toutlehand\/wp-json\/wp\/v2\/pages"}],"about":[{"href":"https:\/\/old.nouvelleaquitaine-handball.org\/toutlehand\/wp-json\/wp\/v2\/types\/page"}],"author":[{"embeddable":true,"href":"https:\/\/old.nouvelleaquitaine-handball.org\/toutlehand\/wp-json\/wp\/v2\/users\/1"}],"replies":[{"embeddable":true,"href":"https:\/\/old.nouvelleaquitaine-handball.org\/toutlehand\/wp-json\/wp\/v2\/comments?post=177"}],"version-history":[{"count":26,"href":"https:\/\/old.nouvelleaquitaine-handball.org\/toutlehand\/wp-json\/wp\/v2\/pages\/177\/revisions"}],"predecessor-version":[{"id":3839,"href":"https:\/\/old.nouvelleaquitaine-handball.org\/toutlehand\/wp-json\/wp\/v2\/pages\/177\/revisions\/3839"}],"wp:featuredmedia":[{"embeddable":true,"href":"https:\/\/old.nouvelleaquitaine-handball.org\/toutlehand\/wp-json\/wp\/v2\/media\/1158"}],"wp:attachment":[{"href":"https:\/\/old.nouvelleaquitaine-handball.org\/toutlehand\/wp-json\/wp\/v2\/media?parent=177"}],"wp:term":[{"taxonomy":"folder","embeddable":true,"href":"https:\/\/old.nouvelleaquitaine-handball.org\/toutlehand\/wp-json\/wp\/v2\/folder?post=177"}],"curies":[{"name":"wp","href":"https:\/\/api.w.org\/{rel}","templated":true}]}}